{"id":3522,"date":"2021-12-09T06:26:49","date_gmt":"2021-12-09T06:26:49","guid":{"rendered":"https:\/\/medicate.peacefulqode.com\/?page_id=3522"},"modified":"2025-09-29T17:21:48","modified_gmt":"2025-09-29T17:21:48","slug":"farmakovigilance","status":"publish","type":"page","link":"https:\/\/jelgavfarm.lv\/en\/farmakovigilance\/","title":{"rendered":"Pharmacovigilance"},"content":{"rendered":"<div data-elementor-type=\"wp-page\" data-elementor-id=\"3522\" class=\"elementor elementor-3522\">\n\t\t\t\t\t\t<div class=\"elementor-section elementor-top-section elementor-element elementor-element-0746f40 elementor-section-stretched elementor-section-boxed elementor-section-height-default elementor-section-height-default\" data-id=\"0746f40\" data-element_type=\"section\" data-settings=\"{&quot;stretch_section&quot;:&quot;section-stretched&quot;}\">\n\t\t\t\t\t\t<div class=\"elementor-container elementor-column-gap-default\">\n\t\t\t\t\t<div class=\"elementor-column elementor-col-66 elementor-top-column elementor-element elementor-element-38c5402\" data-id=\"38c5402\" data-element_type=\"column\">\n\t\t\t<div class=\"elementor-widget-wrap elementor-element-populated\">\n\t\t\t\t\t\t<div class=\"elementor-element elementor-element-85518cf elementor-widget elementor-widget-image\" data-id=\"85518cf\" data-element_type=\"widget\" data-widget_type=\"image.default\">\n\t\t\t\t<div class=\"elementor-widget-container\">\n\t\t\t\t\t\t\t\t\t\t\t\t\t\t\t<img decoding=\"async\" width=\"1400\" height=\"800\" src=\"https:\/\/www.jelgavfarm.lv\/wp-content\/uploads\/2021\/12\/3.jpg\" class=\"attachment-full size-full wp-image-7323\" alt=\"\" srcset=\"https:\/\/jelgavfarm.lv\/wp-content\/uploads\/2021\/12\/3.jpg 1400w, https:\/\/jelgavfarm.lv\/wp-content\/uploads\/2021\/12\/3-300x171.jpg 300w, https:\/\/jelgavfarm.lv\/wp-content\/uploads\/2021\/12\/3-1024x585.jpg 1024w, https:\/\/jelgavfarm.lv\/wp-content\/uploads\/2021\/12\/3-768x439.jpg 768w, https:\/\/jelgavfarm.lv\/wp-content\/uploads\/2021\/12\/3-600x343.jpg 600w\" sizes=\"(max-width: 1400px) 100vw, 1400px\" \/>\t\t\t\t\t\t\t\t\t\t\t\t\t\t\t<\/div>\n\t\t\t\t<\/div>\n\t\t\t\t<div class=\"elementor-element elementor-element-a2b7c23 elementor-widget elementor-widget-heading\" data-id=\"a2b7c23\" data-element_type=\"widget\" data-widget_type=\"heading.default\">\n\t\t\t\t<div class=\"elementor-widget-container\">\n\t\t\t\t\t<h4 class=\"elementor-heading-title elementor-size-default\">Farmakovigilance \u2013 JelgavFarm<\/h4>\t\t\t\t<\/div>\n\t\t\t\t<\/div>\n\t\t\t\t<div class=\"elementor-element elementor-element-27a8da0 elementor-widget elementor-widget-text-editor\" data-id=\"27a8da0\" data-element_type=\"widget\" data-widget_type=\"text-editor.default\">\n\t\t\t\t<div class=\"elementor-widget-container\">\n\t\t\t\t\t\t\t\t\t<p class=\"\" data-start=\"41\" data-end=\"314\">JelgavFarm is committed to ensuring the safety and effectiveness of medicines by actively participating in the pharmacovigilance process. Our goal is to identify, assess, understand, and prevent any potential adverse effects associated with the use of pharmaceutical products.<\/p><p class=\"\" data-start=\"316\" data-end=\"659\">We work closely with healthcare institutions, pharmacies, pharmaceutical manufacturers, and regulatory authorities to promptly detect and analyze all possible aspects of drug safety. Information submitted by healthcare professionals and patients helps us take the necessary measures to minimize risks and improve patient safety.<\/p>\t\t\t\t\t\t\t\t<\/div>\n\t\t\t\t<\/div>\n\t\t\t\t<div class=\"elementor-element elementor-element-70eb522 elementor-widget elementor-widget-heading\" data-id=\"70eb522\" data-element_type=\"widget\" data-widget_type=\"heading.default\">\n\t\t\t\t<div class=\"elementor-widget-container\">\n\t\t\t\t\t<h4 class=\"elementor-heading-title elementor-size-default\">Why Is Pharmacovigilance Important?<\/h4>\t\t\t\t<\/div>\n\t\t\t\t<\/div>\n\t\t\t\t<div class=\"elementor-section elementor-inner-section elementor-element elementor-element-e06f38c elementor-section-boxed elementor-section-height-default elementor-section-height-default\" data-id=\"e06f38c\" data-element_type=\"section\">\n\t\t\t\t\t\t<div class=\"elementor-container elementor-column-gap-default\">\n\t\t\t\t\t<div class=\"elementor-column elementor-col-100 elementor-inner-column elementor-element elementor-element-41f1870\" data-id=\"41f1870\" data-element_type=\"column\">\n\t\t\t<div class=\"elementor-widget-wrap elementor-element-populated\">\n\t\t\t\t\t\t<div class=\"elementor-element elementor-element-5aa47df elementor-icon-list--layout-traditional elementor-list-item-link-full_width elementor-widget elementor-widget-icon-list\" data-id=\"5aa47df\" data-element_type=\"widget\" data-widget_type=\"icon-list.default\">\n\t\t\t\t<div class=\"elementor-widget-container\">\n\t\t\t\t\t\t\t<ul class=\"elementor-icon-list-items\">\n\t\t\t\t\t\t\t<li class=\"elementor-icon-list-item\">\n\t\t\t\t\t\t\t\t\t\t\t<span class=\"elementor-icon-list-icon\">\n\t\t\t\t\t\t\t<svg aria-hidden=\"true\" class=\"e-font-icon-svg e-fas-check\" viewbox=\"0 0 512 512\" xmlns=\"http:\/\/www.w3.org\/2000\/svg\"><path d=\"M173.898 439.404l-166.4-166.4c-9.997-9.997-9.997-26.206 0-36.204l36.203-36.204c9.997-9.998 26.207-9.998 36.204 0L192 312.69 432.095 72.596c9.997-9.997 26.207-9.997 36.204 0l36.203 36.204c9.997 9.997 9.997 26.206 0 36.204l-294.4 294.401c-9.998 9.997-26.207 9.997-36.204-.001z\"><\/path><\/svg>\t\t\t\t\t\t<\/span>\n\t\t\t\t\t\t\t\t\t\t<span class=\"elementor-icon-list-text\">Drug Safety Monitoring \u2013 Continuous analysis and prevention of adverse effects<\/span>\n\t\t\t\t\t\t\t\t\t<\/li>\n\t\t\t\t\t\t\t\t<li class=\"elementor-icon-list-item\">\n\t\t\t\t\t\t\t\t\t\t\t<span class=\"elementor-icon-list-icon\">\n\t\t\t\t\t\t\t<svg aria-hidden=\"true\" class=\"e-font-icon-svg e-fas-check\" viewbox=\"0 0 512 512\" xmlns=\"http:\/\/www.w3.org\/2000\/svg\"><path d=\"M173.898 439.404l-166.4-166.4c-9.997-9.997-9.997-26.206 0-36.204l36.203-36.204c9.997-9.998 26.207-9.998 36.204 0L192 312.69 432.095 72.596c9.997-9.997 26.207-9.997 36.204 0l36.203 36.204c9.997 9.997 9.997 26.206 0 36.204l-294.4 294.401c-9.998 9.997-26.207 9.997-36.204-.001z\"><\/path><\/svg>\t\t\t\t\t\t<\/span>\n\t\t\t\t\t\t\t\t\t\t<span class=\"elementor-icon-list-text\">Patient Safety \u2013 Ensuring compliance with the highest standards for pharmaceutical products<\/span>\n\t\t\t\t\t\t\t\t\t<\/li>\n\t\t\t\t\t\t\t\t<li class=\"elementor-icon-list-item\">\n\t\t\t\t\t\t\t\t\t\t\t<span class=\"elementor-icon-list-icon\">\n\t\t\t\t\t\t\t<svg aria-hidden=\"true\" class=\"e-font-icon-svg e-fas-check\" viewbox=\"0 0 512 512\" xmlns=\"http:\/\/www.w3.org\/2000\/svg\"><path d=\"M173.898 439.404l-166.4-166.4c-9.997-9.997-9.997-26.206 0-36.204l36.203-36.204c9.997-9.998 26.207-9.998 36.204 0L192 312.69 432.095 72.596c9.997-9.997 26.207-9.997 36.204 0l36.203 36.204c9.997 9.997 9.997 26.206 0 36.204l-294.4 294.401c-9.998 9.997-26.207 9.997-36.204-.001z\"><\/path><\/svg>\t\t\t\t\t\t<\/span>\n\t\t\t\t\t\t\t\t\t\t<span class=\"elementor-icon-list-text\">Regulatory Compliance \u2013 In line with EU and Latvian pharmaceutical guidelines<\/span>\n\t\t\t\t\t\t\t\t\t<\/li>\n\t\t\t\t\t\t\t\t<li class=\"elementor-icon-list-item\">\n\t\t\t\t\t\t\t\t\t\t\t<span class=\"elementor-icon-list-icon\">\n\t\t\t\t\t\t\t<svg aria-hidden=\"true\" class=\"e-font-icon-svg e-fas-check\" viewbox=\"0 0 512 512\" xmlns=\"http:\/\/www.w3.org\/2000\/svg\"><path d=\"M173.898 439.404l-166.4-166.4c-9.997-9.997-9.997-26.206 0-36.204l36.203-36.204c9.997-9.998 26.207-9.998 36.204 0L192 312.69 432.095 72.596c9.997-9.997 26.207-9.997 36.204 0l36.203 36.204c9.997 9.997 9.997 26.206 0 36.204l-294.4 294.401c-9.998 9.997-26.207 9.997-36.204-.001z\"><\/path><\/svg>\t\t\t\t\t\t<\/span>\n\t\t\t\t\t\t\t\t\t\t<span class=\"elementor-icon-list-text\">Rapid Response \u2013 Timely evaluation of side effects and cooperation with regulators<\/span>\n\t\t\t\t\t\t\t\t\t<\/li>\n\t\t\t\t\t\t\t\t<li class=\"elementor-icon-list-item\">\n\t\t\t\t\t\t\t\t\t\t\t<span class=\"elementor-icon-list-icon\">\n\t\t\t\t\t\t\t<svg aria-hidden=\"true\" class=\"e-font-icon-svg e-fas-check\" viewbox=\"0 0 512 512\" xmlns=\"http:\/\/www.w3.org\/2000\/svg\"><path d=\"M173.898 439.404l-166.4-166.4c-9.997-9.997-9.997-26.206 0-36.204l36.203-36.204c9.997-9.998 26.207-9.998 36.204 0L192 312.69 432.095 72.596c9.997-9.997 26.207-9.997 36.204 0l36.203 36.204c9.997 9.997 9.997 26.206 0 36.204l-294.4 294.401c-9.998 9.997-26.207 9.997-36.204-.001z\"><\/path><\/svg>\t\t\t\t\t\t<\/span>\n\t\t\t\t\t\t\t\t\t\t<span class=\"elementor-icon-list-text\">Quality Information Exchange \u2013 Effective communication with doctors, pharmacists, and patients<\/span>\n\t\t\t\t\t\t\t\t\t<\/li>\n\t\t\t\t\t\t<\/ul>\n\t\t\t\t\t\t<\/div>\n\t\t\t\t<\/div>\n\t\t\t\t\t<\/div>\n\t\t<\/div>\n\t\t\t\t\t<\/div>\n\t\t<\/div>\n\t\t\t\t<div class=\"elementor-element elementor-element-162c4da elementor-widget elementor-widget-text-editor\" data-id=\"162c4da\" data-element_type=\"widget\" data-widget_type=\"text-editor.default\">\n\t\t\t\t<div class=\"elementor-widget-container\">\n\t\t\t\t\t\t\t\t\t<p>At JelgavFarm, we take responsibility for medicine safety and invite all healthcare professionals and patients to actively participate in the pharmacovigilance process!<\/p>\t\t\t\t\t\t\t\t<\/div>\n\t\t\t\t<\/div>\n\t\t\t\t<div class=\"elementor-section elementor-inner-section elementor-element elementor-element-bef93fb elementor-section-boxed elementor-section-height-default elementor-section-height-default\" data-id=\"bef93fb\" data-element_type=\"section\">\n\t\t\t\t\t\t<div class=\"elementor-container elementor-column-gap-default\">\n\t\t\t\t\t<div class=\"elementor-column elementor-col-50 elementor-inner-column elementor-element elementor-element-0676bf5\" data-id=\"0676bf5\" data-element_type=\"column\">\n\t\t\t<div class=\"elementor-widget-wrap elementor-element-populated\">\n\t\t\t\t\t\t<div class=\"elementor-element elementor-element-596b2bc elementor-widget elementor-widget-image\" data-id=\"596b2bc\" data-element_type=\"widget\" data-widget_type=\"image.default\">\n\t\t\t\t<div class=\"elementor-widget-container\">\n\t\t\t\t\t\t\t\t\t\t\t\t\t\t\t<img decoding=\"async\" width=\"545\" height=\"581\" src=\"https:\/\/www.jelgavfarm.lv\/wp-content\/uploads\/2022\/02\/1.jpg\" class=\"attachment-full size-full wp-image-7281\" alt=\"\" srcset=\"https:\/\/jelgavfarm.lv\/wp-content\/uploads\/2022\/02\/1.jpg 545w, https:\/\/jelgavfarm.lv\/wp-content\/uploads\/2022\/02\/1-281x300.jpg 281w\" sizes=\"(max-width: 545px) 100vw, 545px\" \/>\t\t\t\t\t\t\t\t\t\t\t\t\t\t\t<\/div>\n\t\t\t\t<\/div>\n\t\t\t\t\t<\/div>\n\t\t<\/div>\n\t\t\t\t<div class=\"elementor-column elementor-col-50 elementor-inner-column elementor-element elementor-element-97bbf19\" data-id=\"97bbf19\" data-element_type=\"column\">\n\t\t\t<div class=\"elementor-widget-wrap elementor-element-populated\">\n\t\t\t\t\t\t<div class=\"elementor-element elementor-element-99903b9 elementor-widget elementor-widget-image\" data-id=\"99903b9\" data-element_type=\"widget\" data-widget_type=\"image.default\">\n\t\t\t\t<div class=\"elementor-widget-container\">\n\t\t\t\t\t\t\t\t\t\t\t\t\t\t\t<img loading=\"lazy\" decoding=\"async\" width=\"545\" height=\"581\" src=\"https:\/\/www.jelgavfarm.lv\/wp-content\/uploads\/2022\/02\/2.jpg\" class=\"attachment-full size-full wp-image-7282\" alt=\"\" srcset=\"https:\/\/jelgavfarm.lv\/wp-content\/uploads\/2022\/02\/2.jpg 545w, https:\/\/jelgavfarm.lv\/wp-content\/uploads\/2022\/02\/2-281x300.jpg 281w\" sizes=\"(max-width: 545px) 100vw, 545px\" \/>\t\t\t\t\t\t\t\t\t\t\t\t\t\t\t<\/div>\n\t\t\t\t<\/div>\n\t\t\t\t\t<\/div>\n\t\t<\/div>\n\t\t\t\t\t<\/div>\n\t\t<\/div>\n\t\t\t\t<div class=\"elementor-section elementor-inner-section elementor-element elementor-element-2021a62 elementor-section-boxed elementor-section-height-default elementor-section-height-default\" data-id=\"2021a62\" data-element_type=\"section\">\n\t\t\t\t\t\t<div class=\"elementor-container elementor-column-gap-default\">\n\t\t\t\t\t<div class=\"elementor-column elementor-col-100 elementor-inner-column elementor-element elementor-element-a4bf635\" data-id=\"a4bf635\" data-element_type=\"column\">\n\t\t\t<div class=\"elementor-widget-wrap elementor-element-populated\">\n\t\t\t\t\t\t<div class=\"elementor-element elementor-element-c33dc2a elementor-widget elementor-widget-heading\" data-id=\"c33dc2a\" data-element_type=\"widget\" data-widget_type=\"heading.default\">\n\t\t\t\t<div class=\"elementor-widget-container\">\n\t\t\t\t\t<h4 class=\"elementor-heading-title elementor-size-default\">Frequently Asked Questions (FAQ)<\/h4>\t\t\t\t<\/div>\n\t\t\t\t<\/div>\n\t\t\t\t<div class=\"elementor-element elementor-element-ea97af0 elementor-widget elementor-widget-eael-adv-accordion\" data-id=\"ea97af0\" data-element_type=\"widget\" data-widget_type=\"eael-adv-accordion.default\">\n\t\t\t\t<div class=\"elementor-widget-container\">\n\t\t\t\t\t        <div class=\"eael-adv-accordion\" id=\"eael-adv-accordion-ea97af0\" data-scroll-on-click=\"no\" data-scroll-speed=\"300\" data-accordion-id=\"ea97af0\" data-accordion-type=\"accordion\" data-toogle-speed=\"300\">\n    <div class=\"eael-accordion-list\">\n                <div id=\"k-varu-ziot-par-iespjamm-blakuspardbm\" class=\"elementor-tab-title eael-accordion-header active-default\" tabindex=\"0\" data-tab=\"1\" aria-controls=\"elementor-tab-content-2451\"><span class=\"eael-accordion-tab-title\">How Can I Report Possible Side Effects?<\/span><svg aria-hidden=\"true\" class=\"fa-toggle e-font-icon-svg e-fas-angle-right\" viewbox=\"0 0 256 512\" xmlns=\"http:\/\/www.w3.org\/2000\/svg\"><path d=\"M224.3 273l-136 136c-9.4 9.4-24.6 9.4-33.9 0l-22.6-22.6c-9.4-9.4-9.4-24.6 0-33.9l96.4-96.4-96.4-96.4c-9.4-9.4-9.4-24.6 0-33.9L54.3 103c9.4-9.4 24.6-9.4 33.9 0l136 136c9.5 9.4 9.5 24.6.1 34z\"><\/path><\/svg><\/div><div id=\"elementor-tab-content-2451\" class=\"eael-accordion-content clearfix active-default\" data-tab=\"1\" aria-labelledby=\"k-varu-ziot-par-iespjamm-blakuspardbm\"><p>If you notice any adverse effects related to the use of medicines, please inform us via our contact form, email, or phone.<\/p><\/div>\n                <\/div><div class=\"eael-accordion-list\">\n                <div id=\"kpc-ir-svargi-ziot-par-blakuspardbm\" class=\"elementor-tab-title eael-accordion-header\" tabindex=\"0\" data-tab=\"2\" aria-controls=\"elementor-tab-content-2452\"><span class=\"eael-accordion-tab-title\">Why Is Reporting Side Effects Important?<\/span><svg aria-hidden=\"true\" class=\"fa-toggle e-font-icon-svg e-fas-angle-right\" viewbox=\"0 0 256 512\" xmlns=\"http:\/\/www.w3.org\/2000\/svg\"><path d=\"M224.3 273l-136 136c-9.4 9.4-24.6 9.4-33.9 0l-22.6-22.6c-9.4-9.4-9.4-24.6 0-33.9l96.4-96.4-96.4-96.4c-9.4-9.4-9.4-24.6 0-33.9L54.3 103c9.4-9.4 24.6-9.4 33.9 0l136 136c9.5 9.4 9.5 24.6.1 34z\"><\/path><\/svg><\/div><div id=\"elementor-tab-content-2452\" class=\"eael-accordion-content clearfix\" data-tab=\"2\" aria-labelledby=\"kpc-ir-svargi-ziot-par-blakuspardbm\"><p>Reporting adverse effects helps ensure patient safety and improve the quality of medicines by identifying potential risks in a timely manner and enabling the necessary actions to be taken.<\/p><\/div>\n                <\/div><div class=\"eael-accordion-list\">\n                <div id=\"kas-tiek-darts-ar-iesniegto-informciju\" class=\"elementor-tab-title eael-accordion-header\" tabindex=\"0\" data-tab=\"3\" aria-controls=\"elementor-tab-content-2453\"><span class=\"eael-accordion-tab-title\">What Is Done with the Submitted Information?<\/span><svg aria-hidden=\"true\" class=\"fa-toggle e-font-icon-svg e-fas-angle-right\" viewbox=\"0 0 256 512\" xmlns=\"http:\/\/www.w3.org\/2000\/svg\"><path d=\"M224.3 273l-136 136c-9.4 9.4-24.6 9.4-33.9 0l-22.6-22.6c-9.4-9.4-9.4-24.6 0-33.9l96.4-96.4-96.4-96.4c-9.4-9.4-9.4-24.6 0-33.9L54.3 103c9.4-9.4 24.6-9.4 33.9 0l136 136c9.5 9.4 9.5 24.6.1 34z\"><\/path><\/svg><\/div><div id=\"elementor-tab-content-2453\" class=\"eael-accordion-content clearfix\" data-tab=\"3\" aria-labelledby=\"kas-tiek-darts-ar-iesniegto-informciju\"><p>All reports are carefully analyzed, and if necessary, we cooperate with the relevant regulatory authorities to ensure appropriate measures are implemented.<\/p><\/div>\n                <\/div><div class=\"eael-accordion-list\">\n                <div id=\"vai-mana-informcija-bs-konfidencila\" class=\"elementor-tab-title eael-accordion-header\" tabindex=\"0\" data-tab=\"4\" aria-controls=\"elementor-tab-content-2454\"><span class=\"eael-accordion-tab-title\">Will My Information Be Confidential?<\/span><svg aria-hidden=\"true\" class=\"fa-toggle e-font-icon-svg e-fas-angle-right\" viewbox=\"0 0 256 512\" xmlns=\"http:\/\/www.w3.org\/2000\/svg\"><path d=\"M224.3 273l-136 136c-9.4 9.4-24.6 9.4-33.9 0l-22.6-22.6c-9.4-9.4-9.4-24.6 0-33.9l96.4-96.4-96.4-96.4c-9.4-9.4-9.4-24.6 0-33.9L54.3 103c9.4-9.4 24.6-9.4 33.9 0l136 136c9.5 9.4 9.5 24.6.1 34z\"><\/path><\/svg><\/div><div id=\"elementor-tab-content-2454\" class=\"eael-accordion-content clearfix\" data-tab=\"4\" aria-labelledby=\"vai-mana-informcija-bs-konfidencila\"><p>Yes, all submitted information is processed in strict confidentiality, in accordance with data protection requirements.<\/p><\/div>\n                <\/div><\/div>\t\t\t\t<\/div>\n\t\t\t\t<\/div>\n\t\t\t\t\t<\/div>\n\t\t<\/div>\n\t\t\t\t\t<\/div>\n\t\t<\/div>\n\t\t\t\t\t<\/div>\n\t\t<\/div>\n\t\t\t\t<div class=\"elementor-column elementor-col-33 elementor-top-column elementor-element elementor-element-eaf7895\" data-id=\"eaf7895\" data-element_type=\"column\">\n\t\t\t<div class=\"elementor-widget-wrap elementor-element-populated\">\n\t\t\t\t\t\t<div class=\"elementor-element elementor-element-c09c185 elementor-widget elementor-widget-sidebar\" data-id=\"c09c185\" data-element_type=\"widget\" data-widget_type=\"sidebar.default\">\n\t\t\t\t<div class=\"elementor-widget-container\">\n\t\t\t\t\t<div class=\"widget widget-port\"><h3 class=\"footer-title\">Our services<\/h3><div class=\"menu-pakalpojumi-container\"><ul id=\"menu-pakalpojumi\" class=\"menu\"><li id=\"menu-item-17367\" class=\"menu-item menu-item-type-post_type menu-item-object-page menu-item-17367\"><a href=\"https:\/\/jelgavfarm.lv\/en\/produktu-registracija\/\">Product registration<\/a><\/li>\n<li id=\"menu-item-17366\" class=\"menu-item menu-item-type-post_type menu-item-object-page menu-item-17366\"><a href=\"https:\/\/jelgavfarm.lv\/en\/konsultacijas\/\">Consultancy<\/a><\/li>\n<li id=\"menu-item-17365\" class=\"menu-item menu-item-type-post_type menu-item-object-page menu-item-17365\"><a href=\"https:\/\/jelgavfarm.lv\/en\/farmakovigilance\/\">Pharmacovigilance<\/a><\/li>\n<\/ul><\/div><\/div><div class=\"widget widget-port\">\n<figure class=\"wp-block-image size-full is-style-default\"><img fetchpriority=\"high\" decoding=\"async\" width=\"600\" height=\"745\" src=\"https:\/\/jelgavfarm.lv\/wp-content\/uploads\/2025\/09\/questions.png\" alt=\"M\u016bsu kontakti\" class=\"wp-image-17439\" srcset=\"https:\/\/jelgavfarm.lv\/wp-content\/uploads\/2025\/09\/questions.png 600w, https:\/\/jelgavfarm.lv\/wp-content\/uploads\/2025\/09\/questions-242x300.png 242w, https:\/\/jelgavfarm.lv\/wp-content\/uploads\/2025\/09\/questions-10x12.png 10w\" sizes=\"(max-width: 600px) 100vw, 600px\" \/><\/figure>\n<\/div>\t\t\t\t<\/div>\n\t\t\t\t<\/div>\n\t\t\t\t\t<\/div>\n\t\t<\/div>\n\t\t\t\t\t<\/div>\n\t\t<\/div>\n\t\t\t\t<\/div>","protected":false},"excerpt":{"rendered":"<p>Farmakovigilance \u2013 JelgavFarm JelgavFarm ir ap\u0146\u0113musies nodro\u0161in\u0101t z\u0101\u013cu dro\u0161umu un efektivit\u0101ti, akt\u012bvi piedaloties farmakovigilances proces\u0101. M\u016bsu m\u0113r\u0137is ir identific\u0113t, nov\u0113rt\u0113t, izprast un nov\u0113rst jebk\u0101dus iesp\u0113jamos nev\u0113lamos blakuspar\u0101d\u012bbu riskus, kas saist\u012bti ar farmaceitisko produktu lieto\u0161anu. M\u0113s sadarbojamies ar medic\u012bnas iest\u0101d\u0113m, aptiek\u0101m, farmaceitiskajiem ra\u017eot\u0101jiem un regulatoraj\u0101m iest\u0101d\u0113m, lai savlaic\u012bgi atkl\u0101tu un analiz\u0113tu visus iesp\u0113jamos z\u0101\u013cu dro\u0161uma aspektus. [&hellip;]<\/p>","protected":false},"author":1,"featured_media":16819,"parent":0,"menu_order":0,"comment_status":"closed","ping_status":"closed","template":"","meta":{"_acf_changed":false,"footnotes":""},"class_list":["post-3522","page","type-page","status-publish","has-post-thumbnail","hentry"],"acf":[],"_links":{"self":[{"href":"https:\/\/jelgavfarm.lv\/en\/wp-json\/wp\/v2\/pages\/3522","targetHints":{"allow":["GET"]}}],"collection":[{"href":"https:\/\/jelgavfarm.lv\/en\/wp-json\/wp\/v2\/pages"}],"about":[{"href":"https:\/\/jelgavfarm.lv\/en\/wp-json\/wp\/v2\/types\/page"}],"author":[{"embeddable":true,"href":"https:\/\/jelgavfarm.lv\/en\/wp-json\/wp\/v2\/users\/1"}],"replies":[{"embeddable":true,"href":"https:\/\/jelgavfarm.lv\/en\/wp-json\/wp\/v2\/comments?post=3522"}],"version-history":[{"count":22,"href":"https:\/\/jelgavfarm.lv\/en\/wp-json\/wp\/v2\/pages\/3522\/revisions"}],"predecessor-version":[{"id":18254,"href":"https:\/\/jelgavfarm.lv\/en\/wp-json\/wp\/v2\/pages\/3522\/revisions\/18254"}],"wp:featuredmedia":[{"embeddable":true,"href":"https:\/\/jelgavfarm.lv\/en\/wp-json\/wp\/v2\/media\/16819"}],"wp:attachment":[{"href":"https:\/\/jelgavfarm.lv\/en\/wp-json\/wp\/v2\/media?parent=3522"}],"curies":[{"name":"wp","href":"https:\/\/api.w.org\/{rel}","templated":true}]}}