{"id":3494,"date":"2021-12-09T06:09:42","date_gmt":"2021-12-09T06:09:42","guid":{"rendered":"https:\/\/medicate.peacefulqode.com\/?page_id=3494"},"modified":"2025-09-29T17:20:31","modified_gmt":"2025-09-29T17:20:31","slug":"produktu-registracija","status":"publish","type":"page","link":"https:\/\/jelgavfarm.lv\/en\/produktu-registracija\/","title":{"rendered":"Product registration"},"content":{"rendered":"<div data-elementor-type=\"wp-page\" data-elementor-id=\"3494\" class=\"elementor elementor-3494\">\n\t\t\t\t\t\t<div class=\"elementor-section elementor-top-section elementor-element elementor-element-5256a7e elementor-section-stretched elementor-section-boxed elementor-section-height-default elementor-section-height-default\" data-id=\"5256a7e\" data-element_type=\"section\" data-settings=\"{&quot;stretch_section&quot;:&quot;section-stretched&quot;}\">\n\t\t\t\t\t\t<div class=\"elementor-container elementor-column-gap-default\">\n\t\t\t\t\t<div class=\"elementor-column elementor-col-66 elementor-top-column elementor-element elementor-element-b67a8c8\" data-id=\"b67a8c8\" data-element_type=\"column\">\n\t\t\t<div class=\"elementor-widget-wrap elementor-element-populated\">\n\t\t\t\t\t\t<div class=\"elementor-element elementor-element-74f2325 elementor-widget elementor-widget-image\" data-id=\"74f2325\" data-element_type=\"widget\" data-widget_type=\"image.default\">\n\t\t\t\t<div class=\"elementor-widget-container\">\n\t\t\t\t\t\t\t\t\t\t\t\t\t\t\t<img decoding=\"async\" width=\"875\" height=\"500\" src=\"https:\/\/www.jelgavfarm.lv\/wp-content\/uploads\/2025\/03\/produktu-registracija.webp\" class=\"attachment-full size-full wp-image-17458\" alt=\"Produktu registracija\" srcset=\"https:\/\/jelgavfarm.lv\/wp-content\/uploads\/2025\/03\/produktu-registracija.webp 875w, https:\/\/jelgavfarm.lv\/wp-content\/uploads\/2025\/03\/produktu-registracija-300x171.webp 300w, https:\/\/jelgavfarm.lv\/wp-content\/uploads\/2025\/03\/produktu-registracija-768x439.webp 768w\" sizes=\"(max-width: 875px) 100vw, 875px\" \/>\t\t\t\t\t\t\t\t\t\t\t\t\t\t\t<\/div>\n\t\t\t\t<\/div>\n\t\t\t\t<div class=\"elementor-element elementor-element-6c78655 elementor-widget elementor-widget-heading\" data-id=\"6c78655\" data-element_type=\"widget\" data-widget_type=\"heading.default\">\n\t\t\t\t<div class=\"elementor-widget-container\">\n\t\t\t\t\t<h2 class=\"elementor-heading-title elementor-size-default\">Product registration \u2013 JelgavFarm<\/h2>\t\t\t\t<\/div>\n\t\t\t\t<\/div>\n\t\t\t\t<div class=\"elementor-element elementor-element-1332a81 elementor-widget elementor-widget-text-editor\" data-id=\"1332a81\" data-element_type=\"widget\" data-widget_type=\"text-editor.default\">\n\t\t\t\t<div class=\"elementor-widget-container\">\n\t\t\t\t\t\t\t\t\t<p>To ensure effective and transparent product accounting, JelgavFarm offers a simple and\nconvenient product registration process. Our goal is to provide high-quality pharmaceutical\nproducts that meet all regulatory requirements and customer needs.<\/p>\t\t\t\t\t\t\t\t<\/div>\n\t\t\t\t<\/div>\n\t\t\t\t<div class=\"elementor-element elementor-element-3ed9ed4 elementor-widget elementor-widget-heading\" data-id=\"3ed9ed4\" data-element_type=\"widget\" data-widget_type=\"heading.default\">\n\t\t\t\t<div class=\"elementor-widget-container\">\n\t\t\t\t\t<h4 class=\"elementor-heading-title elementor-size-default\">Why choose JelgavFarm?<\/h4>\t\t\t\t<\/div>\n\t\t\t\t<\/div>\n\t\t\t\t<div class=\"elementor-section elementor-inner-section elementor-element elementor-element-226dd4b elementor-section-boxed elementor-section-height-default elementor-section-height-default\" data-id=\"226dd4b\" data-element_type=\"section\">\n\t\t\t\t\t\t<div class=\"elementor-container elementor-column-gap-default\">\n\t\t\t\t\t<div class=\"elementor-column elementor-col-100 elementor-inner-column elementor-element elementor-element-b34d090\" data-id=\"b34d090\" data-element_type=\"column\">\n\t\t\t<div class=\"elementor-widget-wrap elementor-element-populated\">\n\t\t\t\t\t\t<div class=\"elementor-element elementor-element-71dd7fc elementor-icon-list--layout-traditional elementor-list-item-link-full_width elementor-widget elementor-widget-icon-list\" data-id=\"71dd7fc\" data-element_type=\"widget\" data-widget_type=\"icon-list.default\">\n\t\t\t\t<div class=\"elementor-widget-container\">\n\t\t\t\t\t\t\t<ul class=\"elementor-icon-list-items\">\n\t\t\t\t\t\t\t<li class=\"elementor-icon-list-item\">\n\t\t\t\t\t\t\t\t\t\t\t<span class=\"elementor-icon-list-icon\">\n\t\t\t\t\t\t\t<svg aria-hidden=\"true\" class=\"e-font-icon-svg e-fas-check\" viewbox=\"0 0 512 512\" xmlns=\"http:\/\/www.w3.org\/2000\/svg\"><path d=\"M173.898 439.404l-166.4-166.4c-9.997-9.997-9.997-26.206 0-36.204l36.203-36.204c9.997-9.998 26.207-9.998 36.204 0L192 312.69 432.095 72.596c9.997-9.997 26.207-9.997 36.204 0l36.203 36.204c9.997 9.997 9.997 26.206 0 36.204l-294.4 294.401c-9.998 9.997-26.207 9.997-36.204-.001z\"><\/path><\/svg>\t\t\t\t\t\t<\/span>\n\t\t\t\t\t\t\t\t\t\t<span class=\"elementor-icon-list-text\">Wide range of products \u2013 More than 4,000 pharmaceutical and medical products<\/span>\n\t\t\t\t\t\t\t\t\t<\/li>\n\t\t\t\t\t\t\t\t<li class=\"elementor-icon-list-item\">\n\t\t\t\t\t\t\t\t\t\t\t<span class=\"elementor-icon-list-icon\">\n\t\t\t\t\t\t\t<svg aria-hidden=\"true\" class=\"e-font-icon-svg e-fas-check\" viewbox=\"0 0 512 512\" xmlns=\"http:\/\/www.w3.org\/2000\/svg\"><path d=\"M173.898 439.404l-166.4-166.4c-9.997-9.997-9.997-26.206 0-36.204l36.203-36.204c9.997-9.998 26.207-9.998 36.204 0L192 312.69 432.095 72.596c9.997-9.997 26.207-9.997 36.204 0l36.203 36.204c9.997 9.997 9.997 26.206 0 36.204l-294.4 294.401c-9.998 9.997-26.207 9.997-36.204-.001z\"><\/path><\/svg>\t\t\t\t\t\t<\/span>\n\t\t\t\t\t\t\t\t\t\t<span class=\"elementor-icon-list-text\">Reliable suppliers \u2013 Direct contracts with leading drug manufacturers in the Baltic region and\nEurope<\/span>\n\t\t\t\t\t\t\t\t\t<\/li>\n\t\t\t\t\t\t\t\t<li class=\"elementor-icon-list-item\">\n\t\t\t\t\t\t\t\t\t\t\t<span class=\"elementor-icon-list-icon\">\n\t\t\t\t\t\t\t<svg aria-hidden=\"true\" class=\"e-font-icon-svg e-fas-check\" viewbox=\"0 0 512 512\" xmlns=\"http:\/\/www.w3.org\/2000\/svg\"><path d=\"M173.898 439.404l-166.4-166.4c-9.997-9.997-9.997-26.206 0-36.204l36.203-36.204c9.997-9.998 26.207-9.998 36.204 0L192 312.69 432.095 72.596c9.997-9.997 26.207-9.997 36.204 0l36.203 36.204c9.997 9.997 9.997 26.206 0 36.204l-294.4 294.401c-9.998 9.997-26.207 9.997-36.204-.001z\"><\/path><\/svg>\t\t\t\t\t\t<\/span>\n\t\t\t\t\t\t\t\t\t\t<span class=\"elementor-icon-list-text\">High quality standards \u2013 Compliance with GDP requirements and ongoing regulatory\ninspections<\/span>\n\t\t\t\t\t\t\t\t\t<\/li>\n\t\t\t\t\t\t\t\t<li class=\"elementor-icon-list-item\">\n\t\t\t\t\t\t\t\t\t\t\t<span class=\"elementor-icon-list-icon\">\n\t\t\t\t\t\t\t<svg aria-hidden=\"true\" class=\"e-font-icon-svg e-fas-check\" viewbox=\"0 0 512 512\" xmlns=\"http:\/\/www.w3.org\/2000\/svg\"><path d=\"M173.898 439.404l-166.4-166.4c-9.997-9.997-9.997-26.206 0-36.204l36.203-36.204c9.997-9.998 26.207-9.998 36.204 0L192 312.69 432.095 72.596c9.997-9.997 26.207-9.997 36.204 0l36.203 36.204c9.997 9.997 9.997 26.206 0 36.204l-294.4 294.401c-9.998 9.997-26.207 9.997-36.204-.001z\"><\/path><\/svg>\t\t\t\t\t\t<\/span>\n\t\t\t\t\t\t\t\t\t\t<span class=\"elementor-icon-list-text\">Fast and efficient delivery \u2013 We ensure prompt delivery of goods throughout Latvia<\/span>\n\t\t\t\t\t\t\t\t\t<\/li>\n\t\t\t\t\t\t\t\t<li class=\"elementor-icon-list-item\">\n\t\t\t\t\t\t\t\t\t\t\t<span class=\"elementor-icon-list-icon\">\n\t\t\t\t\t\t\t<svg aria-hidden=\"true\" class=\"e-font-icon-svg e-fas-check\" viewbox=\"0 0 512 512\" xmlns=\"http:\/\/www.w3.org\/2000\/svg\"><path d=\"M173.898 439.404l-166.4-166.4c-9.997-9.997-9.997-26.206 0-36.204l36.203-36.204c9.997-9.998 26.207-9.998 36.204 0L192 312.69 432.095 72.596c9.997-9.997 26.207-9.997 36.204 0l36.203 36.204c9.997 9.997 9.997 26.206 0 36.204l-294.4 294.401c-9.998 9.997-26.207 9.997-36.204-.001z\"><\/path><\/svg>\t\t\t\t\t\t<\/span>\n\t\t\t\t\t\t\t\t\t\t<span class=\"elementor-icon-list-text\">Professional team \u2013 Experienced specialists who provide a high level of service<\/span>\n\t\t\t\t\t\t\t\t\t<\/li>\n\t\t\t\t\t\t<\/ul>\n\t\t\t\t\t\t<\/div>\n\t\t\t\t<\/div>\n\t\t\t\t\t<\/div>\n\t\t<\/div>\n\t\t\t\t\t<\/div>\n\t\t<\/div>\n\t\t\t\t<div class=\"elementor-element elementor-element-4b07e79 elementor-widget elementor-widget-text-editor\" data-id=\"4b07e79\" data-element_type=\"widget\" data-widget_type=\"text-editor.default\">\n\t\t\t\t<div class=\"elementor-widget-container\">\n\t\t\t\t\t\t\t\t\t<p>JelgavFarm ensures product distribution in accordance with GDP standards, guaranteeing\nquality, traceability, and safety. If you have any questions about the registration process,\nplease contact our experts!<\/p>\t\t\t\t\t\t\t\t<\/div>\n\t\t\t\t<\/div>\n\t\t\t\t<div class=\"elementor-section elementor-inner-section elementor-element elementor-element-eb72f53 elementor-section-boxed elementor-section-height-default elementor-section-height-default\" data-id=\"eb72f53\" data-element_type=\"section\">\n\t\t\t\t\t\t<div class=\"elementor-container elementor-column-gap-default\">\n\t\t\t\t\t<div class=\"elementor-column elementor-col-50 elementor-inner-column elementor-element elementor-element-cf6fbed\" data-id=\"cf6fbed\" data-element_type=\"column\">\n\t\t\t<div class=\"elementor-widget-wrap elementor-element-populated\">\n\t\t\t\t\t\t<div class=\"elementor-element elementor-element-57ea60e elementor-widget elementor-widget-image\" data-id=\"57ea60e\" data-element_type=\"widget\" data-widget_type=\"image.default\">\n\t\t\t\t<div class=\"elementor-widget-container\">\n\t\t\t\t\t\t\t\t\t\t\t\t\t\t\t<img decoding=\"async\" width=\"545\" height=\"581\" src=\"https:\/\/www.jelgavfarm.lv\/wp-content\/uploads\/2025\/03\/produktu-registracijas.webp\" class=\"attachment-full size-full wp-image-17491\" alt=\"produktu registracijas\" srcset=\"https:\/\/jelgavfarm.lv\/wp-content\/uploads\/2025\/03\/produktu-registracijas.webp 545w, https:\/\/jelgavfarm.lv\/wp-content\/uploads\/2025\/03\/produktu-registracijas-281x300.webp 281w\" sizes=\"(max-width: 545px) 100vw, 545px\" \/>\t\t\t\t\t\t\t\t\t\t\t\t\t\t\t<\/div>\n\t\t\t\t<\/div>\n\t\t\t\t\t<\/div>\n\t\t<\/div>\n\t\t\t\t<div class=\"elementor-column elementor-col-50 elementor-inner-column elementor-element elementor-element-ddf1008\" data-id=\"ddf1008\" data-element_type=\"column\">\n\t\t\t<div class=\"elementor-widget-wrap elementor-element-populated\">\n\t\t\t\t\t\t<div class=\"elementor-element elementor-element-3a8cfb6 elementor-widget elementor-widget-image\" data-id=\"3a8cfb6\" data-element_type=\"widget\" data-widget_type=\"image.default\">\n\t\t\t\t<div class=\"elementor-widget-container\">\n\t\t\t\t\t\t\t\t\t\t\t\t\t\t\t<img loading=\"lazy\" decoding=\"async\" width=\"545\" height=\"581\" src=\"https:\/\/www.jelgavfarm.lv\/wp-content\/uploads\/2025\/03\/produktu-registracija-1.webp\" class=\"attachment-full size-full wp-image-17493\" alt=\"\" srcset=\"https:\/\/jelgavfarm.lv\/wp-content\/uploads\/2025\/03\/produktu-registracija-1.webp 545w, https:\/\/jelgavfarm.lv\/wp-content\/uploads\/2025\/03\/produktu-registracija-1-281x300.webp 281w\" sizes=\"(max-width: 545px) 100vw, 545px\" \/>\t\t\t\t\t\t\t\t\t\t\t\t\t\t\t<\/div>\n\t\t\t\t<\/div>\n\t\t\t\t\t<\/div>\n\t\t<\/div>\n\t\t\t\t\t<\/div>\n\t\t<\/div>\n\t\t\t\t<div class=\"elementor-section elementor-inner-section elementor-element elementor-element-61ed4d0 elementor-section-boxed elementor-section-height-default elementor-section-height-default\" data-id=\"61ed4d0\" data-element_type=\"section\">\n\t\t\t\t\t\t<div class=\"elementor-container elementor-column-gap-default\">\n\t\t\t\t\t<div class=\"elementor-column elementor-col-100 elementor-inner-column elementor-element elementor-element-4edc182\" data-id=\"4edc182\" data-element_type=\"column\">\n\t\t\t<div class=\"elementor-widget-wrap elementor-element-populated\">\n\t\t\t\t\t\t<div class=\"elementor-element elementor-element-e5eb9d2 elementor-widget elementor-widget-heading\" data-id=\"e5eb9d2\" data-element_type=\"widget\" data-widget_type=\"heading.default\">\n\t\t\t\t<div class=\"elementor-widget-container\">\n\t\t\t\t\t<h4 class=\"elementor-heading-title elementor-size-default\">Frequently Asked Questions (FAQ)<\/h4>\t\t\t\t<\/div>\n\t\t\t\t<\/div>\n\t\t\t\t<div class=\"elementor-element elementor-element-5862692 elementor-widget elementor-widget-eael-adv-accordion\" data-id=\"5862692\" data-element_type=\"widget\" data-widget_type=\"eael-adv-accordion.default\">\n\t\t\t\t<div class=\"elementor-widget-container\">\n\t\t\t\t\t        <div class=\"eael-adv-accordion\" id=\"eael-adv-accordion-5862692\" data-scroll-on-click=\"no\" data-scroll-speed=\"300\" data-accordion-id=\"5862692\" data-accordion-type=\"accordion\" data-toogle-speed=\"300\">\n    <div class=\"eael-accordion-list\">\n                <div id=\"k-es-varu-reistrt-produktu-jelgavfarm-sistm\" class=\"elementor-tab-title eael-accordion-header active-default\" tabindex=\"0\" data-tab=\"1\" aria-controls=\"elementor-tab-content-9261\"><span class=\"eael-accordion-tab-title\">How Can I Register a Product in the JelgavFarm System?<\/span><svg aria-hidden=\"true\" class=\"fa-toggle e-font-icon-svg e-fas-angle-right\" viewbox=\"0 0 256 512\" xmlns=\"http:\/\/www.w3.org\/2000\/svg\"><path d=\"M224.3 273l-136 136c-9.4 9.4-24.6 9.4-33.9 0l-22.6-22.6c-9.4-9.4-9.4-24.6 0-33.9l96.4-96.4-96.4-96.4c-9.4-9.4-9.4-24.6 0-33.9L54.3 103c9.4-9.4 24.6-9.4 33.9 0l136 136c9.5 9.4 9.5 24.6.1 34z\"><\/path><\/svg><\/div><div id=\"elementor-tab-content-9261\" class=\"eael-accordion-content clearfix active-default\" data-tab=\"1\" aria-labelledby=\"k-es-varu-reistrt-produktu-jelgavfarm-sistm\"><p>To register a product, please complete the registration form and attach the required documents. Our specialists will review the submitted information and contact you with confirmation.<\/p><\/div>\n                <\/div><div class=\"eael-accordion-list\">\n                <div id=\"kdas-preces-un-medikamentus-piedv-jelgavfarm\" class=\"elementor-tab-title eael-accordion-header\" tabindex=\"0\" data-tab=\"2\" aria-controls=\"elementor-tab-content-9262\"><span class=\"eael-accordion-tab-title\">What Products and Medicines Does JelgavFarm Offer?<\/span><svg aria-hidden=\"true\" class=\"fa-toggle e-font-icon-svg e-fas-angle-right\" viewbox=\"0 0 256 512\" xmlns=\"http:\/\/www.w3.org\/2000\/svg\"><path d=\"M224.3 273l-136 136c-9.4 9.4-24.6 9.4-33.9 0l-22.6-22.6c-9.4-9.4-9.4-24.6 0-33.9l96.4-96.4-96.4-96.4c-9.4-9.4-9.4-24.6 0-33.9L54.3 103c9.4-9.4 24.6-9.4 33.9 0l136 136c9.5 9.4 9.5 24.6.1 34z\"><\/path><\/svg><\/div><div id=\"elementor-tab-content-9262\" class=\"eael-accordion-content clearfix\" data-tab=\"2\" aria-labelledby=\"kdas-preces-un-medikamentus-piedv-jelgavfarm\"><p>We offer more than 4,000 different pharmaceutical products, medical supplies, cosmetics, and other related items, delivered to pharmacies, hospitals, and other healthcare institutions.<\/p><\/div>\n                <\/div><div class=\"eael-accordion-list\">\n                <div id=\"k-tiek-nodrointa-produktu-kvalitte-un-droba\" class=\"elementor-tab-title eael-accordion-header\" tabindex=\"0\" data-tab=\"3\" aria-controls=\"elementor-tab-content-9263\"><span class=\"eael-accordion-tab-title\">How Are Product Quality and Safety Ensured?<\/span><svg aria-hidden=\"true\" class=\"fa-toggle e-font-icon-svg e-fas-angle-right\" viewbox=\"0 0 256 512\" xmlns=\"http:\/\/www.w3.org\/2000\/svg\"><path d=\"M224.3 273l-136 136c-9.4 9.4-24.6 9.4-33.9 0l-22.6-22.6c-9.4-9.4-9.4-24.6 0-33.9l96.4-96.4-96.4-96.4c-9.4-9.4-9.4-24.6 0-33.9L54.3 103c9.4-9.4 24.6-9.4 33.9 0l136 136c9.5 9.4 9.5 24.6.1 34z\"><\/path><\/svg><\/div><div id=\"elementor-tab-content-9263\" class=\"eael-accordion-content clearfix\" data-tab=\"3\" aria-labelledby=\"k-tiek-nodrointa-produktu-kvalitte-un-droba\"><p>JelgavFarm operates in compliance with GDP standards and undergoes regular audits in accordance with regulatory requirements. We cooperate only with trusted and certified suppliers.<\/p><\/div>\n                <\/div><div class=\"eael-accordion-list\">\n                <div id=\"kds-ir-piegdes-laiks-un-nosacjumi\" class=\"elementor-tab-title eael-accordion-header\" tabindex=\"0\" data-tab=\"4\" aria-controls=\"elementor-tab-content-9264\"><span class=\"eael-accordion-tab-title\">What Are the Delivery Times and Terms?<\/span><svg aria-hidden=\"true\" class=\"fa-toggle e-font-icon-svg e-fas-angle-right\" viewbox=\"0 0 256 512\" xmlns=\"http:\/\/www.w3.org\/2000\/svg\"><path d=\"M224.3 273l-136 136c-9.4 9.4-24.6 9.4-33.9 0l-22.6-22.6c-9.4-9.4-9.4-24.6 0-33.9l96.4-96.4-96.4-96.4c-9.4-9.4-9.4-24.6 0-33.9L54.3 103c9.4-9.4 24.6-9.4 33.9 0l136 136c9.5 9.4 9.5 24.6.1 34z\"><\/path><\/svg><\/div><div id=\"elementor-tab-content-9264\" class=\"eael-accordion-content clearfix\" data-tab=\"4\" aria-labelledby=\"kds-ir-piegdes-laiks-un-nosacjumi\"><p>Deliveries are made throughout Latvia based on prior orders. Delivery times depend on the order volume and location, but we guarantee fast and reliable logistics.<\/p><\/div>\n                <\/div><\/div>\t\t\t\t<\/div>\n\t\t\t\t<\/div>\n\t\t\t\t\t<\/div>\n\t\t<\/div>\n\t\t\t\t\t<\/div>\n\t\t<\/div>\n\t\t\t\t\t<\/div>\n\t\t<\/div>\n\t\t\t\t<div class=\"elementor-column elementor-col-33 elementor-top-column elementor-element elementor-element-1d1379c\" data-id=\"1d1379c\" data-element_type=\"column\">\n\t\t\t<div class=\"elementor-widget-wrap elementor-element-populated\">\n\t\t\t\t\t\t<div class=\"elementor-element elementor-element-ee0a014 elementor-widget elementor-widget-sidebar\" data-id=\"ee0a014\" data-element_type=\"widget\" data-widget_type=\"sidebar.default\">\n\t\t\t\t<div class=\"elementor-widget-container\">\n\t\t\t\t\t<div class=\"widget widget-port\"><h3 class=\"footer-title\">Our services<\/h3><div class=\"menu-pakalpojumi-container\"><ul id=\"menu-pakalpojumi\" class=\"menu\"><li id=\"menu-item-17367\" class=\"menu-item menu-item-type-post_type menu-item-object-page menu-item-17367\"><a href=\"https:\/\/jelgavfarm.lv\/en\/produktu-registracija\/\">Product registration<\/a><\/li>\n<li id=\"menu-item-17366\" class=\"menu-item menu-item-type-post_type menu-item-object-page menu-item-17366\"><a href=\"https:\/\/jelgavfarm.lv\/en\/konsultacijas\/\">Consultancy<\/a><\/li>\n<li id=\"menu-item-17365\" class=\"menu-item menu-item-type-post_type menu-item-object-page menu-item-17365\"><a href=\"https:\/\/jelgavfarm.lv\/en\/farmakovigilance\/\">Pharmacovigilance<\/a><\/li>\n<\/ul><\/div><\/div><div class=\"widget widget-port\">\n<figure class=\"wp-block-image size-full is-style-default\"><img fetchpriority=\"high\" decoding=\"async\" width=\"600\" height=\"745\" src=\"https:\/\/jelgavfarm.lv\/wp-content\/uploads\/2025\/09\/questions.png\" alt=\"M\u016bsu kontakti\" class=\"wp-image-17439\" srcset=\"https:\/\/jelgavfarm.lv\/wp-content\/uploads\/2025\/09\/questions.png 600w, https:\/\/jelgavfarm.lv\/wp-content\/uploads\/2025\/09\/questions-242x300.png 242w, https:\/\/jelgavfarm.lv\/wp-content\/uploads\/2025\/09\/questions-10x12.png 10w\" sizes=\"(max-width: 600px) 100vw, 600px\" \/><\/figure>\n<\/div>\t\t\t\t<\/div>\n\t\t\t\t<\/div>\n\t\t\t\t\t<\/div>\n\t\t<\/div>\n\t\t\t\t\t<\/div>\n\t\t<\/div>\n\t\t\t\t<\/div>","protected":false},"excerpt":{"rendered":"<p>Produktu re\u0123istr\u0101cija \u2013 JelgavFarm Lai nodro\u0161in\u0101tu efekt\u012bvu un caursp\u012bd\u012bgu produktu uzskaiti, JelgavFarm pied\u0101v\u0101 vienk\u0101r\u0161u un \u0113rtu produktu re\u0123istr\u0101cijas procesu. M\u016bsu m\u0113r\u0137is ir nodro\u0161in\u0101t augstas kvalit\u0101tes farmaceitiskos produktus, kas atbilst vis\u0101m normat\u012bvaj\u0101m pras\u012bb\u0101m un klientu vajadz\u012bb\u0101m. K\u0101p\u0113c izv\u0113l\u0113ties JelgavFarm? Pla\u0161s produktu kl\u0101sts \u2013 Vair\u0101k nek\u0101 4000 farmaceitisko un medic\u012bnas pre\u010du vien\u012bbu Uzticami pieg\u0101d\u0101t\u0101ji \u2013 Tie\u0161ie l\u012bgumi [&hellip;]<\/p>","protected":false},"author":1,"featured_media":17458,"parent":0,"menu_order":0,"comment_status":"closed","ping_status":"closed","template":"","meta":{"_acf_changed":false,"footnotes":""},"class_list":["post-3494","page","type-page","status-publish","has-post-thumbnail","hentry"],"acf":[],"_links":{"self":[{"href":"https:\/\/jelgavfarm.lv\/en\/wp-json\/wp\/v2\/pages\/3494","targetHints":{"allow":["GET"]}}],"collection":[{"href":"https:\/\/jelgavfarm.lv\/en\/wp-json\/wp\/v2\/pages"}],"about":[{"href":"https:\/\/jelgavfarm.lv\/en\/wp-json\/wp\/v2\/types\/page"}],"author":[{"embeddable":true,"href":"https:\/\/jelgavfarm.lv\/en\/wp-json\/wp\/v2\/users\/1"}],"replies":[{"embeddable":true,"href":"https:\/\/jelgavfarm.lv\/en\/wp-json\/wp\/v2\/comments?post=3494"}],"version-history":[{"count":49,"href":"https:\/\/jelgavfarm.lv\/en\/wp-json\/wp\/v2\/pages\/3494\/revisions"}],"predecessor-version":[{"id":18248,"href":"https:\/\/jelgavfarm.lv\/en\/wp-json\/wp\/v2\/pages\/3494\/revisions\/18248"}],"wp:featuredmedia":[{"embeddable":true,"href":"https:\/\/jelgavfarm.lv\/en\/wp-json\/wp\/v2\/media\/17458"}],"wp:attachment":[{"href":"https:\/\/jelgavfarm.lv\/en\/wp-json\/wp\/v2\/media?parent=3494"}],"curies":[{"name":"wp","href":"https:\/\/api.w.org\/{rel}","templated":true}]}}