{"id":3490,"date":"2021-12-09T06:09:15","date_gmt":"2021-12-09T06:09:15","guid":{"rendered":"https:\/\/medicate.peacefulqode.com\/?page_id=3490"},"modified":"2025-09-29T17:15:41","modified_gmt":"2025-09-29T17:15:41","slug":"rx-medikamenti","status":"publish","type":"page","link":"https:\/\/jelgavfarm.lv\/en\/rx-medikamenti\/","title":{"rendered":"Rx Medicines"},"content":{"rendered":"<div data-elementor-type=\"wp-page\" data-elementor-id=\"3490\" class=\"elementor elementor-3490\">\n\t\t\t\t\t\t<div class=\"elementor-section elementor-top-section elementor-element elementor-element-f4648d5 elementor-section-stretched elementor-section-boxed elementor-section-height-default elementor-section-height-default\" data-id=\"f4648d5\" data-element_type=\"section\" data-settings=\"{&quot;stretch_section&quot;:&quot;section-stretched&quot;}\">\n\t\t\t\t\t\t<div class=\"elementor-container elementor-column-gap-default\">\n\t\t\t\t\t<div class=\"elementor-column elementor-col-50 elementor-top-column elementor-element elementor-element-299e852\" data-id=\"299e852\" data-element_type=\"column\">\n\t\t\t<div class=\"elementor-widget-wrap elementor-element-populated\">\n\t\t\t\t\t\t<div class=\"elementor-element elementor-element-c16d686 elementor-widget elementor-widget-image\" data-id=\"c16d686\" data-element_type=\"widget\" data-widget_type=\"image.default\">\n\t\t\t\t<div class=\"elementor-widget-container\">\n\t\t\t\t\t\t\t\t\t\t\t\t\t\t\t<img fetchpriority=\"high\" decoding=\"async\" width=\"1536\" height=\"1024\" src=\"https:\/\/jelgavfarm.lv\/wp-content\/uploads\/2025\/04\/rx-medikamenti.png\" class=\"attachment-full size-full wp-image-17505\" alt=\"Rx Medikamenti\" srcset=\"https:\/\/jelgavfarm.lv\/wp-content\/uploads\/2025\/04\/rx-medikamenti.png 1536w, https:\/\/jelgavfarm.lv\/wp-content\/uploads\/2025\/04\/rx-medikamenti-300x200.png 300w, https:\/\/jelgavfarm.lv\/wp-content\/uploads\/2025\/04\/rx-medikamenti-1024x683.png 1024w, https:\/\/jelgavfarm.lv\/wp-content\/uploads\/2025\/04\/rx-medikamenti-768x512.png 768w\" sizes=\"(max-width: 1536px) 100vw, 1536px\" \/>\t\t\t\t\t\t\t\t\t\t\t\t\t\t\t<\/div>\n\t\t\t\t<\/div>\n\t\t\t\t<div class=\"elementor-element elementor-element-2b028e7 elementor-widget elementor-widget-text-editor\" data-id=\"2b028e7\" data-element_type=\"widget\" data-widget_type=\"text-editor.default\">\n\t\t\t\t<div class=\"elementor-widget-container\">\n\t\t\t\t\t\t\t\t\t<h2 class=\"\" data-start=\"97\" data-end=\"141\">Rx Medicines in Latvia \u2014 everything you need to know<\/h2><p class=\"\" data-start=\"143\" data-end=\"462\">In Latvia, prescription medicines, or Rx medicines, are an essential part of healthcare. They\nhelp to effectively treat various diseases and alleviate symptoms that affect patients&#039; quality\nof life. These medications cannot be purchased without a prescription from a doctor,\nensuring their responsible and controlled use.<\/p><h2 class=\"\" data-start=\"464\" data-end=\"489\">What are Rx medications?<\/h2><p class=\"\" data-start=\"491\" data-end=\"746\">Rx stands for \u201cprescription,\u201d which means that certain medications may only be used\naccording to a doctor&#039;s instructions. Such medications are usually used to treat more serious\nillnesses or to control conditions that require precise dosing and specialist supervision.<\/p><h2 class=\"\" data-start=\"748\" data-end=\"783\">State-compensated medications<\/h2><p class=\"\" data-start=\"785\" data-end=\"1089\">A large proportion of prescription medications in Latvia are included in the list of state-\ncompensated medications. This means that patients can receive medicines at a significant\ndiscount or even completely free of charge, depending on their diagnosis and social status.\nThe current list of reimbursable medicines can be found on the website of the State Agency\nof Medicines.<\/p><h2 class=\"\" data-start=\"1091\" data-end=\"1139\">Generic drugs \u2014 a reliable alternative<\/h2><p class=\"\" data-start=\"1141\" data-end=\"1445\">Generic drugs are also becoming increasingly available on the Latvian market. These are\nequivalents of original medicines that provide the same active ingredient and effect, but\noften at a significantly lower price. Generic medicines are carefully tested and certified to\nensure their safety and effectiveness.<\/p><h2 class=\"\" data-start=\"1447\" data-end=\"1484\">How to choose safe medicines?<\/h2><p class=\"\" data-start=\"1486\" data-end=\"1787\">To choose the most appropriate medicines, it is important to consult your doctor or\npharmacist. They will provide professional advice on dosages, frequency of use, and possible\nside effects. It is also advisable to regularly check the information in the Medicines Register\nto ensure the availability and quality of medicines.<\/p><h2 class=\"\" data-start=\"1789\" data-end=\"1822\">Availability of medicines in Latvia<\/h2><p class=\"\" data-start=\"1824\" data-end=\"2102\">Thanks to the work of the State Agency of Medicines, a wide range of high-quality medicines\nis available in Latvia. However, there are cases when certain medicines may be temporarily\nunavailable, so it is important to consult your doctor in good time about the possibility of\nreplacing them with equivalent preparations.<\/p><h2 class=\"\" data-start=\"2104\" data-end=\"2147\">Pharmaceutical care and patient safety<\/h2><p class=\"\" data-start=\"2149\" data-end=\"2414\">Pharmacists play an important role in providing patients with professional advice on the use\nof medicines. They also help to select the most appropriate products, explain possible\ninteractions with other medicines, and advise on storage conditions.<\/p>\t\t\t\t\t\t\t\t<\/div>\n\t\t\t\t<\/div>\n\t\t\t\t\t<\/div>\n\t\t<\/div>\n\t\t\t\t<div class=\"elementor-column elementor-col-50 elementor-top-column elementor-element elementor-element-cae9e3c\" data-id=\"cae9e3c\" data-element_type=\"column\">\n\t\t\t<div class=\"elementor-widget-wrap elementor-element-populated\">\n\t\t\t\t\t\t<div class=\"elementor-element elementor-element-7820917 elementor-widget elementor-widget-sidebar\" data-id=\"7820917\" data-element_type=\"widget\" data-widget_type=\"sidebar.default\">\n\t\t\t\t<div class=\"elementor-widget-container\">\n\t\t\t\t\t<div id=\"nav_menu-4\" class=\"widget widget_nav_menu\"><h2 class=\"widget-title\">Our Products<\/h2><div class=\"menu-preces-container\"><ul id=\"menu-preces\" class=\"menu\"><li id=\"menu-item-18277\" class=\"menu-item menu-item-type-post_type menu-item-object-page menu-item-18277\"><a href=\"https:\/\/jelgavfarm.lv\/en\/augu-izejvielu-vairumtirdznieciba\/\">Medicinal herbs raw materials<\/a><\/li>\n<li id=\"menu-item-17557\" class=\"menu-item menu-item-type-post_type menu-item-object-page menu-item-17557\"><a href=\"https:\/\/jelgavfarm.lv\/en\/rx-medikamenti\/\">Rx Medicines<\/a><\/li>\n<li id=\"menu-item-17556\" class=\"menu-item menu-item-type-post_type menu-item-object-page menu-item-17556\"><a href=\"https:\/\/jelgavfarm.lv\/en\/otc-medikamenti\/\">OTC medicines<\/a><\/li>\n<li id=\"menu-item-17555\" class=\"menu-item menu-item-type-post_type menu-item-object-page menu-item-17555\"><a href=\"https:\/\/jelgavfarm.lv\/en\/neregistretie-medikamenti\/\">UNLICENCED medicines<\/a><\/li>\n<li id=\"menu-item-17554\" class=\"menu-item menu-item-type-post_type menu-item-object-page menu-item-17554\"><a href=\"https:\/\/jelgavfarm.lv\/en\/uztura-bagatinataji\/\">Dietary supplements<\/a><\/li>\n<li id=\"menu-item-17553\" class=\"menu-item menu-item-type-post_type menu-item-object-page menu-item-17553\"><a href=\"https:\/\/jelgavfarm.lv\/en\/medicinas-ierices\/\">Medical Devices<\/a><\/li>\n<\/ul><\/div><\/div>\t\t\t\t<\/div>\n\t\t\t\t<\/div>\n\t\t\t\t<div class=\"elementor-element elementor-element-17887b8 elementor-widget elementor-widget-heading\" data-id=\"17887b8\" data-element_type=\"widget\" data-widget_type=\"heading.default\">\n\t\t\t\t<div class=\"elementor-widget-container\">\n\t\t\t\t\t<h3 class=\"elementor-heading-title elementor-size-default\">Catalogue<\/h3>\t\t\t\t<\/div>\n\t\t\t\t<\/div>\n\t\t\t\t<div class=\"elementor-element elementor-element-1790ab6 elementor-widget elementor-widget-eael-creative-button\" data-id=\"1790ab6\" data-element_type=\"widget\" data-widget_type=\"eael-creative-button.default\">\n\t\t\t\t<div class=\"elementor-widget-container\">\n\t\t\t\t\t        <div class=\"eael-creative-button-wrapper\">\n\n            <a class=\"eael-creative-button eael-creative-button--default\" href=\"https:\/\/jelgavfarm.lv\/en\/download\/17511\/?tmstv=1744562229\" data-text=\"Lejupiel\u0101d\u0113t\">\n            \t    \n                <div class=\"creative-button-inner\">\n\n                                            <span class=\"eael-creative-button-icon-left\"><svg aria-hidden=\"true\" class=\"e-font-icon-svg e-far-file-excel\" viewbox=\"0 0 384 512\" xmlns=\"http:\/\/www.w3.org\/2000\/svg\"><path d=\"M369.9 97.9L286 14C277 5 264.8-.1 252.1-.1H48C21.5 0 0 21.5 0 48v416c0 26.5 21.5 48 48 48h288c26.5 0 48-21.5 48-48V131.9c0-12.7-5.1-25-14.1-34zM332.1 128H256V51.9l76.1 76.1zM48 464V48h160v104c0 13.3 10.7 24 24 24h104v288H48zm212-240h-28.8c-4.4 0-8.4 2.4-10.5 6.3-18 33.1-22.2 42.4-28.6 57.7-13.9-29.1-6.9-17.3-28.6-57.7-2.1-3.9-6.2-6.3-10.6-6.3H124c-9.3 0-15 10-10.4 18l46.3 78-46.3 78c-4.7 8 1.1 18 10.4 18h28.9c4.4 0 8.4-2.4 10.5-6.3 21.7-40 23-45 28.6-57.7 14.9 30.2 5.9 15.9 28.6 57.7 2.1 3.9 6.2 6.3 10.6 6.3H260c9.3 0 15-10 10.4-18L224 320c.7-1.1 30.3-50.5 46.3-78 4.7-8-1.1-18-10.3-18z\"><\/path><\/svg><\/span>                    \n                    <span class=\"cretive-button-text\">Rx Medicines<\/span>\n\n                                    <\/div>\n\t                        <\/a>\n        <\/div>\n        \t\t\t\t<\/div>\n\t\t\t\t<\/div>\n\t\t\t\t<div class=\"elementor-element elementor-element-beb0400 elementor-widget elementor-widget-eael-creative-button\" data-id=\"beb0400\" data-element_type=\"widget\" data-widget_type=\"eael-creative-button.default\">\n\t\t\t\t<div class=\"elementor-widget-container\">\n\t\t\t\t\t        <div class=\"eael-creative-button-wrapper\">\n\n            <a class=\"eael-creative-button eael-creative-button--default\" href=\"https:\/\/jelgavfarm.lv\/en\/download\/17599\/?tmstv=1744562166\" data-text=\"Lejupiel\u0101d\u0113t\">\n            \t    \n                <div class=\"creative-button-inner\">\n\n                                            <span class=\"eael-creative-button-icon-left\"><svg aria-hidden=\"true\" class=\"e-font-icon-svg e-far-file-excel\" viewbox=\"0 0 384 512\" xmlns=\"http:\/\/www.w3.org\/2000\/svg\"><path d=\"M369.9 97.9L286 14C277 5 264.8-.1 252.1-.1H48C21.5 0 0 21.5 0 48v416c0 26.5 21.5 48 48 48h288c26.5 0 48-21.5 48-48V131.9c0-12.7-5.1-25-14.1-34zM332.1 128H256V51.9l76.1 76.1zM48 464V48h160v104c0 13.3 10.7 24 24 24h104v288H48zm212-240h-28.8c-4.4 0-8.4 2.4-10.5 6.3-18 33.1-22.2 42.4-28.6 57.7-13.9-29.1-6.9-17.3-28.6-57.7-2.1-3.9-6.2-6.3-10.6-6.3H124c-9.3 0-15 10-10.4 18l46.3 78-46.3 78c-4.7 8 1.1 18 10.4 18h28.9c4.4 0 8.4-2.4 10.5-6.3 21.7-40 23-45 28.6-57.7 14.9 30.2 5.9 15.9 28.6 57.7 2.1 3.9 6.2 6.3 10.6 6.3H260c9.3 0 15-10 10.4-18L224 320c.7-1.1 30.3-50.5 46.3-78 4.7-8-1.1-18-10.3-18z\"><\/path><\/svg><\/span>                    \n                    <span class=\"cretive-button-text\">OTC medicines<\/span>\n\n                                    <\/div>\n\t                        <\/a>\n        <\/div>\n        \t\t\t\t<\/div>\n\t\t\t\t<\/div>\n\t\t\t\t<div class=\"elementor-element elementor-element-ee31217 elementor-widget elementor-widget-eael-creative-button\" data-id=\"ee31217\" data-element_type=\"widget\" data-widget_type=\"eael-creative-button.default\">\n\t\t\t\t<div class=\"elementor-widget-container\">\n\t\t\t\t\t        <div class=\"eael-creative-button-wrapper\">\n\n            <a class=\"eael-creative-button eael-creative-button--default\" href=\"https:\/\/jelgavfarm.lv\/en\/download\/17608\/?tmstv=1744562302\" data-text=\"Lejupiel\u0101d\u0113t\">\n            \t    \n                <div class=\"creative-button-inner\">\n\n                                            <span class=\"eael-creative-button-icon-left\"><svg aria-hidden=\"true\" class=\"e-font-icon-svg e-far-file-excel\" viewbox=\"0 0 384 512\" xmlns=\"http:\/\/www.w3.org\/2000\/svg\"><path d=\"M369.9 97.9L286 14C277 5 264.8-.1 252.1-.1H48C21.5 0 0 21.5 0 48v416c0 26.5 21.5 48 48 48h288c26.5 0 48-21.5 48-48V131.9c0-12.7-5.1-25-14.1-34zM332.1 128H256V51.9l76.1 76.1zM48 464V48h160v104c0 13.3 10.7 24 24 24h104v288H48zm212-240h-28.8c-4.4 0-8.4 2.4-10.5 6.3-18 33.1-22.2 42.4-28.6 57.7-13.9-29.1-6.9-17.3-28.6-57.7-2.1-3.9-6.2-6.3-10.6-6.3H124c-9.3 0-15 10-10.4 18l46.3 78-46.3 78c-4.7 8 1.1 18 10.4 18h28.9c4.4 0 8.4-2.4 10.5-6.3 21.7-40 23-45 28.6-57.7 14.9 30.2 5.9 15.9 28.6 57.7 2.1 3.9 6.2 6.3 10.6 6.3H260c9.3 0 15-10 10.4-18L224 320c.7-1.1 30.3-50.5 46.3-78 4.7-8-1.1-18-10.3-18z\"><\/path><\/svg><\/span>                    \n                    <span class=\"cretive-button-text\">UNLICENCED medicines<\/span>\n\n                                    <\/div>\n\t                        <\/a>\n        <\/div>\n        \t\t\t\t<\/div>\n\t\t\t\t<\/div>\n\t\t\t\t<div class=\"elementor-element elementor-element-625e9d5 elementor-widget elementor-widget-eael-creative-button\" data-id=\"625e9d5\" data-element_type=\"widget\" data-widget_type=\"eael-creative-button.default\">\n\t\t\t\t<div class=\"elementor-widget-container\">\n\t\t\t\t\t        <div class=\"eael-creative-button-wrapper\">\n\n            <a class=\"eael-creative-button eael-creative-button--default\" href=\"https:\/\/jelgavfarm.lv\/en\/download\/17623\/?tmstv=1745759290\" data-text=\"Lejupiel\u0101d\u0113t\">\n            \t    \n                <div class=\"creative-button-inner\">\n\n                                            <span class=\"eael-creative-button-icon-left\"><svg aria-hidden=\"true\" class=\"e-font-icon-svg e-far-file-excel\" viewbox=\"0 0 384 512\" xmlns=\"http:\/\/www.w3.org\/2000\/svg\"><path d=\"M369.9 97.9L286 14C277 5 264.8-.1 252.1-.1H48C21.5 0 0 21.5 0 48v416c0 26.5 21.5 48 48 48h288c26.5 0 48-21.5 48-48V131.9c0-12.7-5.1-25-14.1-34zM332.1 128H256V51.9l76.1 76.1zM48 464V48h160v104c0 13.3 10.7 24 24 24h104v288H48zm212-240h-28.8c-4.4 0-8.4 2.4-10.5 6.3-18 33.1-22.2 42.4-28.6 57.7-13.9-29.1-6.9-17.3-28.6-57.7-2.1-3.9-6.2-6.3-10.6-6.3H124c-9.3 0-15 10-10.4 18l46.3 78-46.3 78c-4.7 8 1.1 18 10.4 18h28.9c4.4 0 8.4-2.4 10.5-6.3 21.7-40 23-45 28.6-57.7 14.9 30.2 5.9 15.9 28.6 57.7 2.1 3.9 6.2 6.3 10.6 6.3H260c9.3 0 15-10 10.4-18L224 320c.7-1.1 30.3-50.5 46.3-78 4.7-8-1.1-18-10.3-18z\"><\/path><\/svg><\/span>                    \n                    <span class=\"cretive-button-text\">Dietary supplements<\/span>\n\n                                    <\/div>\n\t                        <\/a>\n        <\/div>\n        \t\t\t\t<\/div>\n\t\t\t\t<\/div>\n\t\t\t\t<div class=\"elementor-element elementor-element-f88f41b elementor-widget elementor-widget-eael-creative-button\" data-id=\"f88f41b\" data-element_type=\"widget\" data-widget_type=\"eael-creative-button.default\">\n\t\t\t\t<div class=\"elementor-widget-container\">\n\t\t\t\t\t        <div class=\"eael-creative-button-wrapper\">\n\n            <a class=\"eael-creative-button eael-creative-button--default\" href=\"https:\/\/jelgavfarm.lv\/en\/download\/17614\/?tmstv=1745759553\" data-text=\"Lejupiel\u0101d\u0113t\">\n            \t    \n                <div class=\"creative-button-inner\">\n\n                                            <span class=\"eael-creative-button-icon-left\"><svg aria-hidden=\"true\" class=\"e-font-icon-svg e-far-file-excel\" viewbox=\"0 0 384 512\" xmlns=\"http:\/\/www.w3.org\/2000\/svg\"><path d=\"M369.9 97.9L286 14C277 5 264.8-.1 252.1-.1H48C21.5 0 0 21.5 0 48v416c0 26.5 21.5 48 48 48h288c26.5 0 48-21.5 48-48V131.9c0-12.7-5.1-25-14.1-34zM332.1 128H256V51.9l76.1 76.1zM48 464V48h160v104c0 13.3 10.7 24 24 24h104v288H48zm212-240h-28.8c-4.4 0-8.4 2.4-10.5 6.3-18 33.1-22.2 42.4-28.6 57.7-13.9-29.1-6.9-17.3-28.6-57.7-2.1-3.9-6.2-6.3-10.6-6.3H124c-9.3 0-15 10-10.4 18l46.3 78-46.3 78c-4.7 8 1.1 18 10.4 18h28.9c4.4 0 8.4-2.4 10.5-6.3 21.7-40 23-45 28.6-57.7 14.9 30.2 5.9 15.9 28.6 57.7 2.1 3.9 6.2 6.3 10.6 6.3H260c9.3 0 15-10 10.4-18L224 320c.7-1.1 30.3-50.5 46.3-78 4.7-8-1.1-18-10.3-18z\"><\/path><\/svg><\/span>                    \n                    <span class=\"cretive-button-text\">Medical Devices<\/span>\n\n                                    <\/div>\n\t                        <\/a>\n        <\/div>\n        \t\t\t\t<\/div>\n\t\t\t\t<\/div>\n\t\t\t\t\t<\/div>\n\t\t<\/div>\n\t\t\t\t\t<\/div>\n\t\t<\/div>\n\t\t\t\t<\/div>","protected":false},"excerpt":{"rendered":"<p>Rx Medikamenti Latvij\u0101 \u2014 viss, kas j\u0101zina Latvij\u0101 recep\u0161u medikamenti jeb Rx medikamenti ir b\u016btiska vesel\u012bbas apr\u016bpes sast\u0101vda\u013ca. Tie pal\u012bdz efekt\u012bvi \u0101rst\u0113t da\u017e\u0101das slim\u012bbas un atvieglo simptomus, kas ietekm\u0113 pacientu dz\u012bves kvalit\u0101ti. Bez \u0101rsta izrakst\u012btas receptes \u0161os medikamentus ieg\u0101d\u0101ties nav iesp\u0113jams, t\u0101 nodro\u0161inot atbild\u012bgu un kontrol\u0113tu to lieto\u0161anu. Kas ir Rx medikamenti? Rx apz\u012bm\u0113 &#8220;recepta&#8221;, [&hellip;]<\/p>","protected":false},"author":1,"featured_media":17505,"parent":0,"menu_order":0,"comment_status":"closed","ping_status":"closed","template":"","meta":{"_acf_changed":false,"footnotes":""},"class_list":["post-3490","page","type-page","status-publish","has-post-thumbnail","hentry"],"acf":[],"_links":{"self":[{"href":"https:\/\/jelgavfarm.lv\/en\/wp-json\/wp\/v2\/pages\/3490","targetHints":{"allow":["GET"]}}],"collection":[{"href":"https:\/\/jelgavfarm.lv\/en\/wp-json\/wp\/v2\/pages"}],"about":[{"href":"https:\/\/jelgavfarm.lv\/en\/wp-json\/wp\/v2\/types\/page"}],"author":[{"embeddable":true,"href":"https:\/\/jelgavfarm.lv\/en\/wp-json\/wp\/v2\/users\/1"}],"replies":[{"embeddable":true,"href":"https:\/\/jelgavfarm.lv\/en\/wp-json\/wp\/v2\/comments?post=3490"}],"version-history":[{"count":47,"href":"https:\/\/jelgavfarm.lv\/en\/wp-json\/wp\/v2\/pages\/3490\/revisions"}],"predecessor-version":[{"id":18232,"href":"https:\/\/jelgavfarm.lv\/en\/wp-json\/wp\/v2\/pages\/3490\/revisions\/18232"}],"wp:featuredmedia":[{"embeddable":true,"href":"https:\/\/jelgavfarm.lv\/en\/wp-json\/wp\/v2\/media\/17505"}],"wp:attachment":[{"href":"https:\/\/jelgavfarm.lv\/en\/wp-json\/wp\/v2\/media?parent=3490"}],"curies":[{"name":"wp","href":"https:\/\/api.w.org\/{rel}","templated":true}]}}