{"id":17539,"date":"2025-04-13T13:53:25","date_gmt":"2025-04-13T13:53:25","guid":{"rendered":"https:\/\/balticphoneparts.eu\/?page_id=17539"},"modified":"2026-01-21T09:57:36","modified_gmt":"2026-01-21T09:57:36","slug":"medicinas-ierices","status":"publish","type":"page","link":"https:\/\/jelgavfarm.lv\/en\/medicinas-ierices\/","title":{"rendered":"Medical Devices"},"content":{"rendered":"<div data-elementor-type=\"wp-page\" data-elementor-id=\"17539\" class=\"elementor elementor-17539\">\n\t\t\t\t\t\t<div class=\"elementor-section elementor-top-section elementor-element elementor-element-f4648d5 elementor-section-stretched elementor-section-boxed elementor-section-height-default elementor-section-height-default\" data-id=\"f4648d5\" data-element_type=\"section\" data-settings=\"{&quot;stretch_section&quot;:&quot;section-stretched&quot;}\">\n\t\t\t\t\t\t<div class=\"elementor-container elementor-column-gap-default\">\n\t\t\t\t\t<div class=\"elementor-column elementor-col-66 elementor-top-column elementor-element elementor-element-299e852\" data-id=\"299e852\" data-element_type=\"column\">\n\t\t\t<div class=\"elementor-widget-wrap elementor-element-populated\">\n\t\t\t\t\t\t<div class=\"elementor-element elementor-element-c16d686 elementor-widget elementor-widget-image\" data-id=\"c16d686\" data-element_type=\"widget\" data-widget_type=\"image.default\">\n\t\t\t\t<div class=\"elementor-widget-container\">\n\t\t\t\t\t\t\t\t\t\t\t\t\t\t\t<img fetchpriority=\"high\" decoding=\"async\" width=\"1536\" height=\"1024\" src=\"https:\/\/jelgavfarm.lv\/wp-content\/uploads\/2025\/04\/medicinas-ierices.png\" class=\"attachment-full size-full wp-image-17544\" alt=\"Medic\u012bnas ier\u012bces\" srcset=\"https:\/\/jelgavfarm.lv\/wp-content\/uploads\/2025\/04\/medicinas-ierices.png 1536w, https:\/\/jelgavfarm.lv\/wp-content\/uploads\/2025\/04\/medicinas-ierices-300x200.png 300w, https:\/\/jelgavfarm.lv\/wp-content\/uploads\/2025\/04\/medicinas-ierices-1024x683.png 1024w, https:\/\/jelgavfarm.lv\/wp-content\/uploads\/2025\/04\/medicinas-ierices-768x512.png 768w\" sizes=\"(max-width: 1536px) 100vw, 1536px\" \/>\t\t\t\t\t\t\t\t\t\t\t\t\t\t\t<\/div>\n\t\t\t\t<\/div>\n\t\t\t\t<div class=\"elementor-element elementor-element-2b028e7 elementor-widget elementor-widget-text-editor\" data-id=\"2b028e7\" data-element_type=\"widget\" data-widget_type=\"text-editor.default\">\n\t\t\t\t<div class=\"elementor-widget-container\">\n\t\t\t\t\t\t\t\t\t<h2 class=\"\" data-start=\"526\" data-end=\"578\">Medical devices in Latvia \u2014 for safety and health<\/h2><p class=\"\" data-start=\"580\" data-end=\"879\">Nowadays, medical devices are becoming an integral part of everyday life, both in medical\ninstitutions and at home. Whether you need a blood pressure monitor, a digital\nthermometer, or a more complex diagnostic device, Latvia offers a wide range of high-\nquality medical equipment.<\/p><h2 class=\"\" data-start=\"881\" data-end=\"922\">Why choose high-quality devices?<\/h2><p class=\"\" data-start=\"924\" data-end=\"1226\">The main value of medical devices is their accuracy and reliability. For example, a blood\npressure monitor with inaccurate readings can cause unnecessary stress or, conversely, calm\nyou down when the situation requires action. Therefore, it is important to choose tested and\ncertified products that guarantee accurate results.<\/p><h2 class=\"\" data-start=\"1228\" data-end=\"1255\">Devices for home use<\/h2><p class=\"\" data-start=\"1257\" data-end=\"1422\">You don&#039;t always have to wait for a doctor&#039;s appointment to check your health. More and\nmore people are choosing to purchase medical devices for home use. The most popular are:<\/p><ul><li data-start=\"1425\" data-end=\"1489\" class=\"translation-block\">Blood pressure monitors: Help you keep track of your heart health.<\/li><li data-start=\"1492\" data-end=\"1579\" class=\"translation-block\">Thermometers: Both classic and infrared models for quick temperature measurement.<\/li><li data-start=\"1582\" data-end=\"1638\" class=\"translation-block\">Glucometers: Especially relevant for diabetes patients.<\/li><\/ul><h2 class=\"\" data-start=\"1640\" data-end=\"1684\">Where to buy medical devices in Latvia?<\/h2><p class=\"\" data-start=\"1686\" data-end=\"1982\">There are many specialized medical supply stores and pharmacies in Latvia that offer a wide\nselection. In addition, thanks to online shopping, you can conveniently order goods with\ndoor-to-door delivery. It is always worth making sure that the seller you choose is licensed\nand offers certified devices.<\/p><h2 class=\"\" data-start=\"1984\" data-end=\"2004\">Service and maintenance<\/h2><p class=\"\" data-start=\"2006\" data-end=\"2246\">Even the best devices require maintenance or servicing over time. Many manufacturers in\nLatvia provide warranty service and, if necessary, spare parts. Regular inspection ensures\nthat the device will last longer and provide accurate data.<\/p><h2 class=\"\" data-start=\"2248\" data-end=\"2275\">Consultation with a specialist<\/h2><p class=\"\" data-start=\"2277\" data-end=\"2547\">Before purchasing a device, it is worth consulting a doctor or pharmacist. A specialist will\nhelp you understand which device is best suited to your needs and how to use it correctly on\na daily basis. This is especially important if you plan to use the device to monitor more\nserious health problems.<\/p>\t\t\t\t\t\t\t\t<\/div>\n\t\t\t\t<\/div>\n\t\t\t\t\t<\/div>\n\t\t<\/div>\n\t\t\t\t<div class=\"elementor-column elementor-col-33 elementor-top-column elementor-element elementor-element-630fbc3\" data-id=\"630fbc3\" data-element_type=\"column\">\n\t\t\t<div class=\"elementor-widget-wrap elementor-element-populated\">\n\t\t\t\t\t\t<div class=\"elementor-element elementor-element-dd13669 elementor-widget elementor-widget-sidebar\" data-id=\"dd13669\" data-element_type=\"widget\" data-widget_type=\"sidebar.default\">\n\t\t\t\t<div class=\"elementor-widget-container\">\n\t\t\t\t\t<div id=\"nav_menu-4\" class=\"widget widget_nav_menu\"><h2 class=\"widget-title\">Our Products<\/h2><div class=\"menu-preces-container\"><ul id=\"menu-preces\" class=\"menu\"><li id=\"menu-item-18277\" class=\"menu-item menu-item-type-post_type menu-item-object-page menu-item-18277\"><a href=\"https:\/\/jelgavfarm.lv\/en\/augu-izejvielu-vairumtirdznieciba\/\">Medicinal herbs raw materials<\/a><\/li>\n<li id=\"menu-item-17557\" class=\"menu-item menu-item-type-post_type menu-item-object-page menu-item-17557\"><a href=\"https:\/\/jelgavfarm.lv\/en\/rx-medikamenti\/\">Rx Medicines<\/a><\/li>\n<li id=\"menu-item-17556\" class=\"menu-item menu-item-type-post_type menu-item-object-page menu-item-17556\"><a href=\"https:\/\/jelgavfarm.lv\/en\/otc-medikamenti\/\">OTC medicines<\/a><\/li>\n<li id=\"menu-item-17555\" class=\"menu-item menu-item-type-post_type menu-item-object-page menu-item-17555\"><a href=\"https:\/\/jelgavfarm.lv\/en\/neregistretie-medikamenti\/\">UNLICENCED medicines<\/a><\/li>\n<li id=\"menu-item-17554\" class=\"menu-item menu-item-type-post_type menu-item-object-page menu-item-17554\"><a href=\"https:\/\/jelgavfarm.lv\/en\/uztura-bagatinataji\/\">Dietary supplements<\/a><\/li>\n<li id=\"menu-item-17553\" class=\"menu-item menu-item-type-post_type menu-item-object-page menu-item-17553\"><a href=\"https:\/\/jelgavfarm.lv\/en\/medicinas-ierices\/\">Medical Devices<\/a><\/li>\n<\/ul><\/div><\/div>\t\t\t\t<\/div>\n\t\t\t\t<\/div>\n\t\t\t\t<div class=\"elementor-element elementor-element-fc450d6 elementor-widget elementor-widget-heading\" data-id=\"fc450d6\" data-element_type=\"widget\" data-widget_type=\"heading.default\">\n\t\t\t\t<div class=\"elementor-widget-container\">\n\t\t\t\t\t<h3 class=\"elementor-heading-title elementor-size-default\">Catalogue<\/h3>\t\t\t\t<\/div>\n\t\t\t\t<\/div>\n\t\t\t\t<div class=\"elementor-element elementor-element-04f19c6 elementor-widget elementor-widget-eael-creative-button\" data-id=\"04f19c6\" data-element_type=\"widget\" data-widget_type=\"eael-creative-button.default\">\n\t\t\t\t<div class=\"elementor-widget-container\">\n\t\t\t\t\t        <div class=\"eael-creative-button-wrapper\">\n\n            <a class=\"eael-creative-button eael-creative-button--default\" href=\"https:\/\/jelgavfarm.lv\/en\/download\/17511\/?tmstv=1744562229\" data-text=\"Lejupiel\u0101d\u0113t\">\n            \t    \n                <div class=\"creative-button-inner\">\n\n                                            <span class=\"eael-creative-button-icon-left\"><svg aria-hidden=\"true\" class=\"e-font-icon-svg e-far-file-excel\" viewbox=\"0 0 384 512\" xmlns=\"http:\/\/www.w3.org\/2000\/svg\"><path d=\"M369.9 97.9L286 14C277 5 264.8-.1 252.1-.1H48C21.5 0 0 21.5 0 48v416c0 26.5 21.5 48 48 48h288c26.5 0 48-21.5 48-48V131.9c0-12.7-5.1-25-14.1-34zM332.1 128H256V51.9l76.1 76.1zM48 464V48h160v104c0 13.3 10.7 24 24 24h104v288H48zm212-240h-28.8c-4.4 0-8.4 2.4-10.5 6.3-18 33.1-22.2 42.4-28.6 57.7-13.9-29.1-6.9-17.3-28.6-57.7-2.1-3.9-6.2-6.3-10.6-6.3H124c-9.3 0-15 10-10.4 18l46.3 78-46.3 78c-4.7 8 1.1 18 10.4 18h28.9c4.4 0 8.4-2.4 10.5-6.3 21.7-40 23-45 28.6-57.7 14.9 30.2 5.9 15.9 28.6 57.7 2.1 3.9 6.2 6.3 10.6 6.3H260c9.3 0 15-10 10.4-18L224 320c.7-1.1 30.3-50.5 46.3-78 4.7-8-1.1-18-10.3-18z\"><\/path><\/svg><\/span>                    \n                    <span class=\"cretive-button-text\">Rx Medicines<\/span>\n\n                                    <\/div>\n\t                        <\/a>\n        <\/div>\n        \t\t\t\t<\/div>\n\t\t\t\t<\/div>\n\t\t\t\t<div class=\"elementor-element elementor-element-1daa096 elementor-widget elementor-widget-eael-creative-button\" data-id=\"1daa096\" data-element_type=\"widget\" data-widget_type=\"eael-creative-button.default\">\n\t\t\t\t<div class=\"elementor-widget-container\">\n\t\t\t\t\t        <div class=\"eael-creative-button-wrapper\">\n\n            <a class=\"eael-creative-button eael-creative-button--default\" href=\"https:\/\/jelgavfarm.lv\/en\/download\/17599\/?tmstv=1744562166\" data-text=\"Lejupiel\u0101d\u0113t\">\n            \t    \n                <div class=\"creative-button-inner\">\n\n                                            <span class=\"eael-creative-button-icon-left\"><svg aria-hidden=\"true\" class=\"e-font-icon-svg e-far-file-excel\" viewbox=\"0 0 384 512\" xmlns=\"http:\/\/www.w3.org\/2000\/svg\"><path d=\"M369.9 97.9L286 14C277 5 264.8-.1 252.1-.1H48C21.5 0 0 21.5 0 48v416c0 26.5 21.5 48 48 48h288c26.5 0 48-21.5 48-48V131.9c0-12.7-5.1-25-14.1-34zM332.1 128H256V51.9l76.1 76.1zM48 464V48h160v104c0 13.3 10.7 24 24 24h104v288H48zm212-240h-28.8c-4.4 0-8.4 2.4-10.5 6.3-18 33.1-22.2 42.4-28.6 57.7-13.9-29.1-6.9-17.3-28.6-57.7-2.1-3.9-6.2-6.3-10.6-6.3H124c-9.3 0-15 10-10.4 18l46.3 78-46.3 78c-4.7 8 1.1 18 10.4 18h28.9c4.4 0 8.4-2.4 10.5-6.3 21.7-40 23-45 28.6-57.7 14.9 30.2 5.9 15.9 28.6 57.7 2.1 3.9 6.2 6.3 10.6 6.3H260c9.3 0 15-10 10.4-18L224 320c.7-1.1 30.3-50.5 46.3-78 4.7-8-1.1-18-10.3-18z\"><\/path><\/svg><\/span>                    \n                    <span class=\"cretive-button-text\">OTC medicines<\/span>\n\n                                    <\/div>\n\t                        <\/a>\n        <\/div>\n        \t\t\t\t<\/div>\n\t\t\t\t<\/div>\n\t\t\t\t<div class=\"elementor-element elementor-element-eebf6ef elementor-widget elementor-widget-eael-creative-button\" data-id=\"eebf6ef\" data-element_type=\"widget\" data-widget_type=\"eael-creative-button.default\">\n\t\t\t\t<div class=\"elementor-widget-container\">\n\t\t\t\t\t        <div class=\"eael-creative-button-wrapper\">\n\n            <a class=\"eael-creative-button eael-creative-button--default\" href=\"https:\/\/jelgavfarm.lv\/en\/download\/17608\/?tmstv=1744562302\" data-text=\"Lejupiel\u0101d\u0113t\">\n            \t    \n                <div class=\"creative-button-inner\">\n\n                                            <span class=\"eael-creative-button-icon-left\"><svg aria-hidden=\"true\" class=\"e-font-icon-svg e-far-file-excel\" viewbox=\"0 0 384 512\" xmlns=\"http:\/\/www.w3.org\/2000\/svg\"><path d=\"M369.9 97.9L286 14C277 5 264.8-.1 252.1-.1H48C21.5 0 0 21.5 0 48v416c0 26.5 21.5 48 48 48h288c26.5 0 48-21.5 48-48V131.9c0-12.7-5.1-25-14.1-34zM332.1 128H256V51.9l76.1 76.1zM48 464V48h160v104c0 13.3 10.7 24 24 24h104v288H48zm212-240h-28.8c-4.4 0-8.4 2.4-10.5 6.3-18 33.1-22.2 42.4-28.6 57.7-13.9-29.1-6.9-17.3-28.6-57.7-2.1-3.9-6.2-6.3-10.6-6.3H124c-9.3 0-15 10-10.4 18l46.3 78-46.3 78c-4.7 8 1.1 18 10.4 18h28.9c4.4 0 8.4-2.4 10.5-6.3 21.7-40 23-45 28.6-57.7 14.9 30.2 5.9 15.9 28.6 57.7 2.1 3.9 6.2 6.3 10.6 6.3H260c9.3 0 15-10 10.4-18L224 320c.7-1.1 30.3-50.5 46.3-78 4.7-8-1.1-18-10.3-18z\"><\/path><\/svg><\/span>                    \n                    <span class=\"cretive-button-text\">UNLICENCED medicines<\/span>\n\n                                    <\/div>\n\t                        <\/a>\n        <\/div>\n        \t\t\t\t<\/div>\n\t\t\t\t<\/div>\n\t\t\t\t<div class=\"elementor-element elementor-element-61f686a elementor-widget elementor-widget-eael-creative-button\" data-id=\"61f686a\" data-element_type=\"widget\" data-widget_type=\"eael-creative-button.default\">\n\t\t\t\t<div class=\"elementor-widget-container\">\n\t\t\t\t\t        <div class=\"eael-creative-button-wrapper\">\n\n            <a class=\"eael-creative-button eael-creative-button--default\" href=\"https:\/\/jelgavfarm.lv\/en\/download\/17614\/?tmstv=1768988894\" data-text=\"Lejupiel\u0101d\u0113t\">\n            \t    \n                <div class=\"creative-button-inner\">\n\n                                            <span class=\"eael-creative-button-icon-left\"><svg aria-hidden=\"true\" class=\"e-font-icon-svg e-far-file-excel\" viewbox=\"0 0 384 512\" xmlns=\"http:\/\/www.w3.org\/2000\/svg\"><path d=\"M369.9 97.9L286 14C277 5 264.8-.1 252.1-.1H48C21.5 0 0 21.5 0 48v416c0 26.5 21.5 48 48 48h288c26.5 0 48-21.5 48-48V131.9c0-12.7-5.1-25-14.1-34zM332.1 128H256V51.9l76.1 76.1zM48 464V48h160v104c0 13.3 10.7 24 24 24h104v288H48zm212-240h-28.8c-4.4 0-8.4 2.4-10.5 6.3-18 33.1-22.2 42.4-28.6 57.7-13.9-29.1-6.9-17.3-28.6-57.7-2.1-3.9-6.2-6.3-10.6-6.3H124c-9.3 0-15 10-10.4 18l46.3 78-46.3 78c-4.7 8 1.1 18 10.4 18h28.9c4.4 0 8.4-2.4 10.5-6.3 21.7-40 23-45 28.6-57.7 14.9 30.2 5.9 15.9 28.6 57.7 2.1 3.9 6.2 6.3 10.6 6.3H260c9.3 0 15-10 10.4-18L224 320c.7-1.1 30.3-50.5 46.3-78 4.7-8-1.1-18-10.3-18z\"><\/path><\/svg><\/span>                    \n                    <span class=\"cretive-button-text\">Dietary Supplements<\/span>\n\n                                    <\/div>\n\t                        <\/a>\n        <\/div>\n        \t\t\t\t<\/div>\n\t\t\t\t<\/div>\n\t\t\t\t<div class=\"elementor-element elementor-element-c061ce5 elementor-widget elementor-widget-eael-creative-button\" data-id=\"c061ce5\" data-element_type=\"widget\" data-widget_type=\"eael-creative-button.default\">\n\t\t\t\t<div class=\"elementor-widget-container\">\n\t\t\t\t\t        <div class=\"eael-creative-button-wrapper\">\n\n            <a class=\"eael-creative-button eael-creative-button--default\" href=\"https:\/\/jelgavfarm.lv\/en\/download\/17623\/?tmstv=1768988894\" data-text=\"Lejupiel\u0101d\u0113t\">\n            \t    \n                <div class=\"creative-button-inner\">\n\n                                            <span class=\"eael-creative-button-icon-left\"><svg aria-hidden=\"true\" class=\"e-font-icon-svg e-far-file-excel\" viewbox=\"0 0 384 512\" xmlns=\"http:\/\/www.w3.org\/2000\/svg\"><path d=\"M369.9 97.9L286 14C277 5 264.8-.1 252.1-.1H48C21.5 0 0 21.5 0 48v416c0 26.5 21.5 48 48 48h288c26.5 0 48-21.5 48-48V131.9c0-12.7-5.1-25-14.1-34zM332.1 128H256V51.9l76.1 76.1zM48 464V48h160v104c0 13.3 10.7 24 24 24h104v288H48zm212-240h-28.8c-4.4 0-8.4 2.4-10.5 6.3-18 33.1-22.2 42.4-28.6 57.7-13.9-29.1-6.9-17.3-28.6-57.7-2.1-3.9-6.2-6.3-10.6-6.3H124c-9.3 0-15 10-10.4 18l46.3 78-46.3 78c-4.7 8 1.1 18 10.4 18h28.9c4.4 0 8.4-2.4 10.5-6.3 21.7-40 23-45 28.6-57.7 14.9 30.2 5.9 15.9 28.6 57.7 2.1 3.9 6.2 6.3 10.6 6.3H260c9.3 0 15-10 10.4-18L224 320c.7-1.1 30.3-50.5 46.3-78 4.7-8-1.1-18-10.3-18z\"><\/path><\/svg><\/span>                    \n                    <span class=\"cretive-button-text\">Medical Devices<\/span>\n\n                                    <\/div>\n\t                        <\/a>\n        <\/div>\n        \t\t\t\t<\/div>\n\t\t\t\t<\/div>\n\t\t\t\t\t<\/div>\n\t\t<\/div>\n\t\t\t\t\t<\/div>\n\t\t<\/div>\n\t\t\t\t<\/div>","protected":false},"excerpt":{"rendered":"<p>Medic\u012bnas ier\u012bces Latvij\u0101 \u2014 dro\u0161\u012bbai un vesel\u012bbai M\u016bsdien\u0101s medic\u012bnas ier\u012bces k\u013c\u016bst par neat\u0146emamu ikdienas da\u013cu gan \u0101rstniec\u012bbas iest\u0101d\u0113s, gan m\u0101jas apst\u0101k\u013cos. Neatkar\u012bgi no t\u0101, vai nepiecie\u0161ams asins spiediena m\u0113r\u012bt\u0101js, digit\u0101lais termometrs vai sare\u017e\u0123\u012bt\u0101ka diagnostikas ier\u012bce \u2014 Latvij\u0101 ir pieejams pla\u0161s un kvalitat\u012bvs medic\u012bnas tehnikas kl\u0101sts. K\u0101p\u0113c izv\u0113l\u0113ties kvalitat\u012bvas ier\u012bces? Medic\u012bnas ier\u012b\u010du galven\u0101 v\u0113rt\u012bba ir precizit\u0101te [&hellip;]<\/p>","protected":false},"author":1,"featured_media":17544,"parent":0,"menu_order":0,"comment_status":"closed","ping_status":"closed","template":"","meta":{"_acf_changed":false,"footnotes":""},"class_list":["post-17539","page","type-page","status-publish","has-post-thumbnail","hentry"],"acf":[],"_links":{"self":[{"href":"https:\/\/jelgavfarm.lv\/en\/wp-json\/wp\/v2\/pages\/17539","targetHints":{"allow":["GET"]}}],"collection":[{"href":"https:\/\/jelgavfarm.lv\/en\/wp-json\/wp\/v2\/pages"}],"about":[{"href":"https:\/\/jelgavfarm.lv\/en\/wp-json\/wp\/v2\/types\/page"}],"author":[{"embeddable":true,"href":"https:\/\/jelgavfarm.lv\/en\/wp-json\/wp\/v2\/users\/1"}],"replies":[{"embeddable":true,"href":"https:\/\/jelgavfarm.lv\/en\/wp-json\/wp\/v2\/comments?post=17539"}],"version-history":[{"count":91,"href":"https:\/\/jelgavfarm.lv\/en\/wp-json\/wp\/v2\/pages\/17539\/revisions"}],"predecessor-version":[{"id":18306,"href":"https:\/\/jelgavfarm.lv\/en\/wp-json\/wp\/v2\/pages\/17539\/revisions\/18306"}],"wp:featuredmedia":[{"embeddable":true,"href":"https:\/\/jelgavfarm.lv\/en\/wp-json\/wp\/v2\/media\/17544"}],"wp:attachment":[{"href":"https:\/\/jelgavfarm.lv\/en\/wp-json\/wp\/v2\/media?parent=17539"}],"curies":[{"name":"wp","href":"https:\/\/api.w.org\/{rel}","templated":true}]}}