{"id":17531,"date":"2025-04-13T13:46:13","date_gmt":"2025-04-13T13:46:13","guid":{"rendered":"https:\/\/balticphoneparts.eu\/?page_id=17531"},"modified":"2025-09-29T17:19:14","modified_gmt":"2025-09-29T17:19:14","slug":"uztura-bagatinataji","status":"publish","type":"page","link":"https:\/\/jelgavfarm.lv\/en\/uztura-bagatinataji\/","title":{"rendered":"Dietary supplements"},"content":{"rendered":"<div data-elementor-type=\"wp-page\" data-elementor-id=\"17531\" class=\"elementor elementor-17531\">\n\t\t\t\t\t\t<div class=\"elementor-section elementor-top-section elementor-element elementor-element-f4648d5 elementor-section-stretched elementor-section-boxed elementor-section-height-default elementor-section-height-default\" data-id=\"f4648d5\" data-element_type=\"section\" data-settings=\"{&quot;stretch_section&quot;:&quot;section-stretched&quot;}\">\n\t\t\t\t\t\t<div class=\"elementor-container elementor-column-gap-default\">\n\t\t\t\t\t<div class=\"elementor-column elementor-col-50 elementor-top-column elementor-element elementor-element-299e852\" data-id=\"299e852\" data-element_type=\"column\">\n\t\t\t<div class=\"elementor-widget-wrap elementor-element-populated\">\n\t\t\t\t\t\t<div class=\"elementor-element elementor-element-c16d686 elementor-widget elementor-widget-image\" data-id=\"c16d686\" data-element_type=\"widget\" data-widget_type=\"image.default\">\n\t\t\t\t<div class=\"elementor-widget-container\">\n\t\t\t\t\t\t\t\t\t\t\t\t\t\t\t<img fetchpriority=\"high\" decoding=\"async\" width=\"1536\" height=\"1024\" src=\"https:\/\/jelgavfarm.lv\/wp-content\/uploads\/2025\/04\/uztura-bagatinaji.png\" class=\"attachment-full size-full wp-image-17535\" alt=\"Uztura bag\u0101tin\u0101t\u0101ji\" srcset=\"https:\/\/jelgavfarm.lv\/wp-content\/uploads\/2025\/04\/uztura-bagatinaji.png 1536w, https:\/\/jelgavfarm.lv\/wp-content\/uploads\/2025\/04\/uztura-bagatinaji-300x200.png 300w, https:\/\/jelgavfarm.lv\/wp-content\/uploads\/2025\/04\/uztura-bagatinaji-1024x683.png 1024w, https:\/\/jelgavfarm.lv\/wp-content\/uploads\/2025\/04\/uztura-bagatinaji-768x512.png 768w\" sizes=\"(max-width: 1536px) 100vw, 1536px\" \/>\t\t\t\t\t\t\t\t\t\t\t\t\t\t\t<\/div>\n\t\t\t\t<\/div>\n\t\t\t\t<div class=\"elementor-element elementor-element-2b028e7 elementor-widget elementor-widget-text-editor\" data-id=\"2b028e7\" data-element_type=\"widget\" data-widget_type=\"text-editor.default\">\n\t\t\t\t<div class=\"elementor-widget-container\">\n\t\t\t\t\t\t\t\t\t<h2 class=\"\" data-start=\"477\" data-end=\"531\">Dietary supplements in Latvia: for health and energy<\/h2><p class=\"\" data-start=\"533\" data-end=\"838\">Dietary supplements are becoming increasingly popular among Latvian residents. They help\nsupplement the diet with important substances that are sometimes difficult to obtain in\nsufficient quantities from food alone. Vitamins, minerals, and natural extracts can provide\nthe necessary support to improve health and quality of life.<\/p><h2 class=\"\" data-start=\"840\" data-end=\"870\">What are dietary supplements?<\/h2><p class=\"\" data-start=\"872\" data-end=\"1169\">Dietary supplements are concentrated vitamins, minerals, or other active substances that\nsupplement the daily diet. They are used to strengthen immunity, improve energy levels,\nmaintain joint health, or support specific bodily functions, such as heart function or the\nnervous system.<\/p><h2 class=\"\" data-start=\"1171\" data-end=\"1211\">The most popular types of dietary supplements<\/h2><p class=\"\" data-start=\"1213\" data-end=\"1264\">A wide range of dietary supplements are available in Latvia:<\/p><ul><li data-start=\"1267\" data-end=\"1341\" class=\"translation-block\">Vitamins and minerals: Vitamin D, magnesium, vitamin C, zinc, etc.<\/li><li data-start=\"1344\" data-end=\"1414\" class=\"translation-block\">Immunity: Natural preparations with echinacea, ginseng, or propolis.<\/li><li data-start=\"1417\" data-end=\"1488\" class=\"translation-block\">Sports nutrition: Protein powders, amino acids, and energy bars.<\/li><li data-start=\"1491\" data-end=\"1555\" class=\"translation-block\">Dietary supplements for children: Chewable tablets and solutions.<\/li><li data-start=\"1558\" data-end=\"1632\" class=\"translation-block\">Dietary supplements for seniors: For bone, joint, and heart support.<\/li><\/ul><h2 class=\"\" data-start=\"1634\" data-end=\"1672\">How to choose dietary supplements?<\/h2><p class=\"\" data-start=\"1674\" data-end=\"1957\">When choosing dietary supplements, it is important to pay attention to the quality and\nreliability of the product. Choose products that are registered and comply with Latvian\nlegislation. It is also advisable to consult a pharmacist or doctor to choose the most suitable\nproduct for your needs.<\/p><h2 class=\"\" data-start=\"1959\" data-end=\"2004\">Dietary supplements in pharmacies and online<\/h2><p class=\"\" data-start=\"2006\" data-end=\"2235\">Dietary supplements can be purchased both in traditional pharmacies and in specialized\nonline stores. Online shopping is convenient, but it is important to choose reliable sellers to\navoid counterfeits.<\/p><h2 class=\"\" data-start=\"2237\" data-end=\"2255\">Safe use<\/h2><p class=\"\" data-start=\"2257\" data-end=\"2500\">Although dietary supplements are available without a prescription, they should be used\nresponsibly. Excessive or inappropriate use can cause unwanted side effects. Always follow\nthe manufacturer&#039;s instructions and consult a healthcare professional.<\/p><h2 class=\"\" data-start=\"2502\" data-end=\"2522\">Pharmacist&#039;s advice<\/h2><p class=\"\" data-start=\"2524\" data-end=\"2705\">A pharmacist can provide valuable advice on the choice of dietary supplements, dosages,\nand duration of use. A consultation will help you find the most suitable solution for your\nspecific health needs.<\/p>\t\t\t\t\t\t\t\t<\/div>\n\t\t\t\t<\/div>\n\t\t\t\t\t<\/div>\n\t\t<\/div>\n\t\t\t\t<div class=\"elementor-column elementor-col-50 elementor-top-column elementor-element elementor-element-ca60866\" data-id=\"ca60866\" data-element_type=\"column\">\n\t\t\t<div class=\"elementor-widget-wrap elementor-element-populated\">\n\t\t\t\t\t\t<div class=\"elementor-element elementor-element-8827c5f elementor-widget elementor-widget-sidebar\" data-id=\"8827c5f\" data-element_type=\"widget\" data-widget_type=\"sidebar.default\">\n\t\t\t\t<div class=\"elementor-widget-container\">\n\t\t\t\t\t<div id=\"nav_menu-4\" class=\"widget widget_nav_menu\"><h2 class=\"widget-title\">Our Products<\/h2><div class=\"menu-preces-container\"><ul id=\"menu-preces\" class=\"menu\"><li id=\"menu-item-18277\" class=\"menu-item menu-item-type-post_type menu-item-object-page menu-item-18277\"><a href=\"https:\/\/jelgavfarm.lv\/en\/augu-izejvielu-vairumtirdznieciba\/\">Medicinal herbs raw materials<\/a><\/li>\n<li id=\"menu-item-17557\" class=\"menu-item menu-item-type-post_type menu-item-object-page menu-item-17557\"><a href=\"https:\/\/jelgavfarm.lv\/en\/rx-medikamenti\/\">Rx Medicines<\/a><\/li>\n<li id=\"menu-item-17556\" class=\"menu-item menu-item-type-post_type menu-item-object-page menu-item-17556\"><a href=\"https:\/\/jelgavfarm.lv\/en\/otc-medikamenti\/\">OTC medicines<\/a><\/li>\n<li id=\"menu-item-17555\" class=\"menu-item menu-item-type-post_type menu-item-object-page menu-item-17555\"><a href=\"https:\/\/jelgavfarm.lv\/en\/neregistretie-medikamenti\/\">UNLICENCED medicines<\/a><\/li>\n<li id=\"menu-item-17554\" class=\"menu-item menu-item-type-post_type menu-item-object-page menu-item-17554\"><a href=\"https:\/\/jelgavfarm.lv\/en\/uztura-bagatinataji\/\">Dietary supplements<\/a><\/li>\n<li id=\"menu-item-17553\" class=\"menu-item menu-item-type-post_type menu-item-object-page menu-item-17553\"><a href=\"https:\/\/jelgavfarm.lv\/en\/medicinas-ierices\/\">Medical Devices<\/a><\/li>\n<\/ul><\/div><\/div>\t\t\t\t<\/div>\n\t\t\t\t<\/div>\n\t\t\t\t<div class=\"elementor-element elementor-element-58db54f elementor-widget elementor-widget-heading\" data-id=\"58db54f\" data-element_type=\"widget\" data-widget_type=\"heading.default\">\n\t\t\t\t<div class=\"elementor-widget-container\">\n\t\t\t\t\t<h3 class=\"elementor-heading-title elementor-size-default\">Catalogue<\/h3>\t\t\t\t<\/div>\n\t\t\t\t<\/div>\n\t\t\t\t<div class=\"elementor-element elementor-element-c70263c elementor-widget elementor-widget-eael-creative-button\" data-id=\"c70263c\" data-element_type=\"widget\" data-widget_type=\"eael-creative-button.default\">\n\t\t\t\t<div class=\"elementor-widget-container\">\n\t\t\t\t\t        <div class=\"eael-creative-button-wrapper\">\n\n            <a class=\"eael-creative-button eael-creative-button--default\" href=\"https:\/\/jelgavfarm.lv\/en\/download\/17511\/?tmstv=1744562229\" data-text=\"Lejupiel\u0101d\u0113t\">\n            \t    \n                <div class=\"creative-button-inner\">\n\n                                            <span class=\"eael-creative-button-icon-left\"><svg aria-hidden=\"true\" class=\"e-font-icon-svg e-far-file-excel\" viewbox=\"0 0 384 512\" xmlns=\"http:\/\/www.w3.org\/2000\/svg\"><path d=\"M369.9 97.9L286 14C277 5 264.8-.1 252.1-.1H48C21.5 0 0 21.5 0 48v416c0 26.5 21.5 48 48 48h288c26.5 0 48-21.5 48-48V131.9c0-12.7-5.1-25-14.1-34zM332.1 128H256V51.9l76.1 76.1zM48 464V48h160v104c0 13.3 10.7 24 24 24h104v288H48zm212-240h-28.8c-4.4 0-8.4 2.4-10.5 6.3-18 33.1-22.2 42.4-28.6 57.7-13.9-29.1-6.9-17.3-28.6-57.7-2.1-3.9-6.2-6.3-10.6-6.3H124c-9.3 0-15 10-10.4 18l46.3 78-46.3 78c-4.7 8 1.1 18 10.4 18h28.9c4.4 0 8.4-2.4 10.5-6.3 21.7-40 23-45 28.6-57.7 14.9 30.2 5.9 15.9 28.6 57.7 2.1 3.9 6.2 6.3 10.6 6.3H260c9.3 0 15-10 10.4-18L224 320c.7-1.1 30.3-50.5 46.3-78 4.7-8-1.1-18-10.3-18z\"><\/path><\/svg><\/span>                    \n                    <span class=\"cretive-button-text\">Rx Medicines<\/span>\n\n                                    <\/div>\n\t                        <\/a>\n        <\/div>\n        \t\t\t\t<\/div>\n\t\t\t\t<\/div>\n\t\t\t\t<div class=\"elementor-element elementor-element-152b2a3 elementor-widget elementor-widget-eael-creative-button\" data-id=\"152b2a3\" data-element_type=\"widget\" data-widget_type=\"eael-creative-button.default\">\n\t\t\t\t<div class=\"elementor-widget-container\">\n\t\t\t\t\t        <div class=\"eael-creative-button-wrapper\">\n\n            <a class=\"eael-creative-button eael-creative-button--default\" href=\"https:\/\/jelgavfarm.lv\/en\/download\/17599\/?tmstv=1744562166\" data-text=\"Lejupiel\u0101d\u0113t\">\n            \t    \n                <div class=\"creative-button-inner\">\n\n                                            <span class=\"eael-creative-button-icon-left\"><svg aria-hidden=\"true\" class=\"e-font-icon-svg e-far-file-excel\" viewbox=\"0 0 384 512\" xmlns=\"http:\/\/www.w3.org\/2000\/svg\"><path d=\"M369.9 97.9L286 14C277 5 264.8-.1 252.1-.1H48C21.5 0 0 21.5 0 48v416c0 26.5 21.5 48 48 48h288c26.5 0 48-21.5 48-48V131.9c0-12.7-5.1-25-14.1-34zM332.1 128H256V51.9l76.1 76.1zM48 464V48h160v104c0 13.3 10.7 24 24 24h104v288H48zm212-240h-28.8c-4.4 0-8.4 2.4-10.5 6.3-18 33.1-22.2 42.4-28.6 57.7-13.9-29.1-6.9-17.3-28.6-57.7-2.1-3.9-6.2-6.3-10.6-6.3H124c-9.3 0-15 10-10.4 18l46.3 78-46.3 78c-4.7 8 1.1 18 10.4 18h28.9c4.4 0 8.4-2.4 10.5-6.3 21.7-40 23-45 28.6-57.7 14.9 30.2 5.9 15.9 28.6 57.7 2.1 3.9 6.2 6.3 10.6 6.3H260c9.3 0 15-10 10.4-18L224 320c.7-1.1 30.3-50.5 46.3-78 4.7-8-1.1-18-10.3-18z\"><\/path><\/svg><\/span>                    \n                    <span class=\"cretive-button-text\">OTC medicines<\/span>\n\n                                    <\/div>\n\t                        <\/a>\n        <\/div>\n        \t\t\t\t<\/div>\n\t\t\t\t<\/div>\n\t\t\t\t<div class=\"elementor-element elementor-element-6ed2a81 elementor-widget elementor-widget-eael-creative-button\" data-id=\"6ed2a81\" data-element_type=\"widget\" data-widget_type=\"eael-creative-button.default\">\n\t\t\t\t<div class=\"elementor-widget-container\">\n\t\t\t\t\t        <div class=\"eael-creative-button-wrapper\">\n\n            <a class=\"eael-creative-button eael-creative-button--default\" href=\"https:\/\/jelgavfarm.lv\/en\/download\/17608\/?tmstv=1744562302\" data-text=\"Lejupiel\u0101d\u0113t\">\n            \t    \n                <div class=\"creative-button-inner\">\n\n                                            <span class=\"eael-creative-button-icon-left\"><svg aria-hidden=\"true\" class=\"e-font-icon-svg e-far-file-excel\" viewbox=\"0 0 384 512\" xmlns=\"http:\/\/www.w3.org\/2000\/svg\"><path d=\"M369.9 97.9L286 14C277 5 264.8-.1 252.1-.1H48C21.5 0 0 21.5 0 48v416c0 26.5 21.5 48 48 48h288c26.5 0 48-21.5 48-48V131.9c0-12.7-5.1-25-14.1-34zM332.1 128H256V51.9l76.1 76.1zM48 464V48h160v104c0 13.3 10.7 24 24 24h104v288H48zm212-240h-28.8c-4.4 0-8.4 2.4-10.5 6.3-18 33.1-22.2 42.4-28.6 57.7-13.9-29.1-6.9-17.3-28.6-57.7-2.1-3.9-6.2-6.3-10.6-6.3H124c-9.3 0-15 10-10.4 18l46.3 78-46.3 78c-4.7 8 1.1 18 10.4 18h28.9c4.4 0 8.4-2.4 10.5-6.3 21.7-40 23-45 28.6-57.7 14.9 30.2 5.9 15.9 28.6 57.7 2.1 3.9 6.2 6.3 10.6 6.3H260c9.3 0 15-10 10.4-18L224 320c.7-1.1 30.3-50.5 46.3-78 4.7-8-1.1-18-10.3-18z\"><\/path><\/svg><\/span>                    \n                    <span class=\"cretive-button-text\">UNLICENCED medicines<\/span>\n\n                                    <\/div>\n\t                        <\/a>\n        <\/div>\n        \t\t\t\t<\/div>\n\t\t\t\t<\/div>\n\t\t\t\t<div class=\"elementor-element elementor-element-550e051 elementor-widget elementor-widget-eael-creative-button\" data-id=\"550e051\" data-element_type=\"widget\" data-widget_type=\"eael-creative-button.default\">\n\t\t\t\t<div class=\"elementor-widget-container\">\n\t\t\t\t\t        <div class=\"eael-creative-button-wrapper\">\n\n            <a class=\"eael-creative-button eael-creative-button--default\" href=\"https:\/\/jelgavfarm.lv\/en\/download\/17623\/?tmstv=1744562356\" data-text=\"Lejupiel\u0101d\u0113t\">\n            \t    \n                <div class=\"creative-button-inner\">\n\n                                            <span class=\"eael-creative-button-icon-left\"><svg aria-hidden=\"true\" class=\"e-font-icon-svg e-far-file-excel\" viewbox=\"0 0 384 512\" xmlns=\"http:\/\/www.w3.org\/2000\/svg\"><path d=\"M369.9 97.9L286 14C277 5 264.8-.1 252.1-.1H48C21.5 0 0 21.5 0 48v416c0 26.5 21.5 48 48 48h288c26.5 0 48-21.5 48-48V131.9c0-12.7-5.1-25-14.1-34zM332.1 128H256V51.9l76.1 76.1zM48 464V48h160v104c0 13.3 10.7 24 24 24h104v288H48zm212-240h-28.8c-4.4 0-8.4 2.4-10.5 6.3-18 33.1-22.2 42.4-28.6 57.7-13.9-29.1-6.9-17.3-28.6-57.7-2.1-3.9-6.2-6.3-10.6-6.3H124c-9.3 0-15 10-10.4 18l46.3 78-46.3 78c-4.7 8 1.1 18 10.4 18h28.9c4.4 0 8.4-2.4 10.5-6.3 21.7-40 23-45 28.6-57.7 14.9 30.2 5.9 15.9 28.6 57.7 2.1 3.9 6.2 6.3 10.6 6.3H260c9.3 0 15-10 10.4-18L224 320c.7-1.1 30.3-50.5 46.3-78 4.7-8-1.1-18-10.3-18z\"><\/path><\/svg><\/span>                    \n                    <span class=\"cretive-button-text\">Medical Devices<\/span>\n\n                                    <\/div>\n\t                        <\/a>\n        <\/div>\n        \t\t\t\t<\/div>\n\t\t\t\t<\/div>\n\t\t\t\t<div class=\"elementor-element elementor-element-f8f3c75 elementor-widget elementor-widget-eael-creative-button\" data-id=\"f8f3c75\" data-element_type=\"widget\" data-widget_type=\"eael-creative-button.default\">\n\t\t\t\t<div class=\"elementor-widget-container\">\n\t\t\t\t\t        <div class=\"eael-creative-button-wrapper\">\n\n            <a class=\"eael-creative-button eael-creative-button--default\" href=\"https:\/\/jelgavfarm.lv\/en\/download\/17614\/?tmstv=1744561009\" data-text=\"Lejupiel\u0101d\u0113t\">\n            \t    \n                <div class=\"creative-button-inner\">\n\n                                            <span class=\"eael-creative-button-icon-left\"><svg aria-hidden=\"true\" class=\"e-font-icon-svg e-far-file-excel\" viewbox=\"0 0 384 512\" xmlns=\"http:\/\/www.w3.org\/2000\/svg\"><path d=\"M369.9 97.9L286 14C277 5 264.8-.1 252.1-.1H48C21.5 0 0 21.5 0 48v416c0 26.5 21.5 48 48 48h288c26.5 0 48-21.5 48-48V131.9c0-12.7-5.1-25-14.1-34zM332.1 128H256V51.9l76.1 76.1zM48 464V48h160v104c0 13.3 10.7 24 24 24h104v288H48zm212-240h-28.8c-4.4 0-8.4 2.4-10.5 6.3-18 33.1-22.2 42.4-28.6 57.7-13.9-29.1-6.9-17.3-28.6-57.7-2.1-3.9-6.2-6.3-10.6-6.3H124c-9.3 0-15 10-10.4 18l46.3 78-46.3 78c-4.7 8 1.1 18 10.4 18h28.9c4.4 0 8.4-2.4 10.5-6.3 21.7-40 23-45 28.6-57.7 14.9 30.2 5.9 15.9 28.6 57.7 2.1 3.9 6.2 6.3 10.6 6.3H260c9.3 0 15-10 10.4-18L224 320c.7-1.1 30.3-50.5 46.3-78 4.7-8-1.1-18-10.3-18z\"><\/path><\/svg><\/span>                    \n                    <span class=\"cretive-button-text\">Dietary Supplements<\/span>\n\n                                    <\/div>\n\t                        <\/a>\n        <\/div>\n        \t\t\t\t<\/div>\n\t\t\t\t<\/div>\n\t\t\t\t\t<\/div>\n\t\t<\/div>\n\t\t\t\t\t<\/div>\n\t\t<\/div>\n\t\t\t\t<\/div>","protected":false},"excerpt":{"rendered":"<p>Uztura bag\u0101tin\u0101t\u0101ji Latvij\u0101: vesel\u012bbai un ener\u0123ijai Uztura bag\u0101tin\u0101t\u0101ji k\u013c\u016bst arvien popul\u0101r\u0101ki Latvijas iedz\u012bvot\u0101ju vid\u016b. Tie pal\u012bdz papildin\u0101t uzturu ar svar\u012bg\u0101m viel\u0101m, ko da\u017ek\u0101rt ir gr\u016bti uz\u0146emt pietiekam\u0101 daudzum\u0101 ar p\u0101rtiku vien. Vitam\u012bni, miner\u0101lvielas un dab\u012bgie ekstrakti var sniegt nepiecie\u0161amo atbalstu vesel\u012bbas un dz\u012bves kvalit\u0101tes uzlabo\u0161anai. Kas ir uztura bag\u0101tin\u0101t\u0101ji? Uztura bag\u0101tin\u0101t\u0101ji ir koncentr\u0113ti vitam\u012bni, miner\u0101lvielas [&hellip;]<\/p>","protected":false},"author":1,"featured_media":17535,"parent":0,"menu_order":0,"comment_status":"closed","ping_status":"closed","template":"","meta":{"_acf_changed":false,"footnotes":""},"class_list":["post-17531","page","type-page","status-publish","has-post-thumbnail","hentry"],"acf":[],"_links":{"self":[{"href":"https:\/\/jelgavfarm.lv\/en\/wp-json\/wp\/v2\/pages\/17531","targetHints":{"allow":["GET"]}}],"collection":[{"href":"https:\/\/jelgavfarm.lv\/en\/wp-json\/wp\/v2\/pages"}],"about":[{"href":"https:\/\/jelgavfarm.lv\/en\/wp-json\/wp\/v2\/types\/page"}],"author":[{"embeddable":true,"href":"https:\/\/jelgavfarm.lv\/en\/wp-json\/wp\/v2\/users\/1"}],"replies":[{"embeddable":true,"href":"https:\/\/jelgavfarm.lv\/en\/wp-json\/wp\/v2\/comments?post=17531"}],"version-history":[{"count":23,"href":"https:\/\/jelgavfarm.lv\/en\/wp-json\/wp\/v2\/pages\/17531\/revisions"}],"predecessor-version":[{"id":18297,"href":"https:\/\/jelgavfarm.lv\/en\/wp-json\/wp\/v2\/pages\/17531\/revisions\/18297"}],"wp:featuredmedia":[{"embeddable":true,"href":"https:\/\/jelgavfarm.lv\/en\/wp-json\/wp\/v2\/media\/17535"}],"wp:attachment":[{"href":"https:\/\/jelgavfarm.lv\/en\/wp-json\/wp\/v2\/media?parent=17531"}],"curies":[{"name":"wp","href":"https:\/\/api.w.org\/{rel}","templated":true}]}}