{"id":17517,"date":"2025-04-13T13:23:07","date_gmt":"2025-04-13T13:23:07","guid":{"rendered":"https:\/\/balticphoneparts.eu\/?page_id=17517"},"modified":"2025-09-29T17:16:21","modified_gmt":"2025-09-29T17:16:21","slug":"otc-medikamenti","status":"publish","type":"page","link":"https:\/\/jelgavfarm.lv\/en\/otc-medikamenti\/","title":{"rendered":"OTC medicines"},"content":{"rendered":"<div data-elementor-type=\"wp-page\" data-elementor-id=\"17517\" class=\"elementor elementor-17517\">\n\t\t\t\t\t\t<div class=\"elementor-section elementor-top-section elementor-element elementor-element-f4648d5 elementor-section-stretched elementor-section-boxed elementor-section-height-default elementor-section-height-default\" data-id=\"f4648d5\" data-element_type=\"section\" data-settings=\"{&quot;stretch_section&quot;:&quot;section-stretched&quot;}\">\n\t\t\t\t\t\t<div class=\"elementor-container elementor-column-gap-default\">\n\t\t\t\t\t<div class=\"elementor-column elementor-col-50 elementor-top-column elementor-element elementor-element-299e852\" data-id=\"299e852\" data-element_type=\"column\">\n\t\t\t<div class=\"elementor-widget-wrap elementor-element-populated\">\n\t\t\t\t\t\t<div class=\"elementor-element elementor-element-c16d686 elementor-widget elementor-widget-image\" data-id=\"c16d686\" data-element_type=\"widget\" data-widget_type=\"image.default\">\n\t\t\t\t<div class=\"elementor-widget-container\">\n\t\t\t\t\t\t\t\t\t\t\t\t\t\t\t<img fetchpriority=\"high\" decoding=\"async\" width=\"1536\" height=\"1024\" src=\"https:\/\/jelgavfarm.lv\/wp-content\/uploads\/2025\/04\/otc-medikamenti.png\" class=\"attachment-full size-full wp-image-17520\" alt=\"OTC medikamenti\" srcset=\"https:\/\/jelgavfarm.lv\/wp-content\/uploads\/2025\/04\/otc-medikamenti.png 1536w, https:\/\/jelgavfarm.lv\/wp-content\/uploads\/2025\/04\/otc-medikamenti-300x200.png 300w, https:\/\/jelgavfarm.lv\/wp-content\/uploads\/2025\/04\/otc-medikamenti-1024x683.png 1024w, https:\/\/jelgavfarm.lv\/wp-content\/uploads\/2025\/04\/otc-medikamenti-768x512.png 768w\" sizes=\"(max-width: 1536px) 100vw, 1536px\" \/>\t\t\t\t\t\t\t\t\t\t\t\t\t\t\t<\/div>\n\t\t\t\t<\/div>\n\t\t\t\t<div class=\"elementor-element elementor-element-2b028e7 elementor-widget elementor-widget-text-editor\" data-id=\"2b028e7\" data-element_type=\"widget\" data-widget_type=\"text-editor.default\">\n\t\t\t\t<div class=\"elementor-widget-container\">\n\t\t\t\t\t\t\t\t\t<h2 class=\"\" data-start=\"463\" data-end=\"528\">OTC medicines in Latvia \u2014 freely available medicines for your health<\/h2><p class=\"\" data-start=\"530\" data-end=\"775\">In Latvia, OTC or over-the-counter medicines are widely available and help to effectively\nreduce the symptoms of minor illnesses. These medicines can be purchased without a\ndoctor&#039;s prescription, making them particularly convenient for maintaining everyday health\nand quickly reducing symptoms.<\/p><h2 class=\"\" data-start=\"777\" data-end=\"803\">What are OTC medicines?<\/h2><p class=\"\" data-start=\"805\" data-end=\"1077\">OTC (Over The Counter) medicines are non-prescription medicines that can be freely\npurchased in pharmacies or online stores. They help to combat minor ailments such as colds,\nheadaches, allergies, or indigestion, and are widely used on a daily basis.<\/p><h2 class=\"\" data-start=\"1079\" data-end=\"1121\">The most popular categories of over-the-counter medicines<\/h2><p class=\"\" data-start=\"1123\" data-end=\"1162\">The most popular groups of OTC medicines in Latvia are:<\/p><ul><li data-start=\"1165\" data-end=\"1261\" class=\"translation-block\">Painkillers: Ibuprofen, paracetamol and others that help reduce pain and inflammation.<\/li><li data-start=\"1264\" data-end=\"1354\" class=\"translation-block\">Cold and flu medicines: Syrups, tablets, and powders to relieve symptoms.<\/li><li data-start=\"1357\" data-end=\"1442\" class=\"translation-block\">Vitamins and dietary supplements: To strengthen immunity and support the body.<\/li><li data-start=\"1445\" data-end=\"1514\" class=\"translation-block\">Allergy medications: Antihistamines to relieve itching and runny nose.<\/li><li data-start=\"1517\" data-end=\"1572\" class=\"translation-block\">Digestive aids: For acid reflux or bloating.<\/li><\/ul><h2 class=\"\" data-start=\"1574\" data-end=\"1615\">How to choose safe OTC medications?<\/h2><p class=\"\" data-start=\"1617\" data-end=\"1898\">Although over-the-counter medications are freely available, it is important to use them\nresponsibly. Before purchasing, it is advisable to consult a pharmacist to ensure that the\nmedication is suitable for your health condition. You should also follow the instructions for\nuse to avoid overdose or side effects.<\/p><h2 class=\"\" data-start=\"1900\" data-end=\"1930\">Availability of OTC medicines in Latvia<\/h2><p class=\"\" data-start=\"1932\" data-end=\"2145\">OTC medicines in Latvia can be purchased not only in pharmacies, but also in licensed online\nstores that offer convenient home delivery. This is especially useful in cases where it is not\npossible to visit a pharmacy in person.<\/p><h2 class=\"\" data-start=\"2147\" data-end=\"2183\">The role of pharmacists in choosing OTC medicines<\/h2><p class=\"\" data-start=\"2185\" data-end=\"2379\">Pharmacists also provide valuable advice on choosing over-the-counter medicines. They will\nhelp you understand which medicine is right for your specific situation and provide\nrecommendations for safe and effective use.<\/p><h2 class=\"\" data-start=\"2381\" data-end=\"2412\">Advantages and precautions<\/h2><p class=\"\" data-start=\"2414\" data-end=\"2670\">OTC medicines offer a convenient and quick solution to everyday health problems, but they\nmust be used wisely. Incorrect use can cause unwanted side effects or interactions with\nother medicines, so it is always important to follow the instructions for use.<\/p>\t\t\t\t\t\t\t\t<\/div>\n\t\t\t\t<\/div>\n\t\t\t\t\t<\/div>\n\t\t<\/div>\n\t\t\t\t<div class=\"elementor-column elementor-col-50 elementor-top-column elementor-element elementor-element-acffaf4\" data-id=\"acffaf4\" data-element_type=\"column\">\n\t\t\t<div class=\"elementor-widget-wrap elementor-element-populated\">\n\t\t\t\t\t\t<div class=\"elementor-element elementor-element-1d07b04 elementor-widget elementor-widget-sidebar\" data-id=\"1d07b04\" data-element_type=\"widget\" data-widget_type=\"sidebar.default\">\n\t\t\t\t<div class=\"elementor-widget-container\">\n\t\t\t\t\t<div id=\"nav_menu-4\" class=\"widget widget_nav_menu\"><h2 class=\"widget-title\">Our Products<\/h2><div class=\"menu-preces-container\"><ul id=\"menu-preces\" class=\"menu\"><li id=\"menu-item-18277\" class=\"menu-item menu-item-type-post_type menu-item-object-page menu-item-18277\"><a href=\"https:\/\/jelgavfarm.lv\/en\/augu-izejvielu-vairumtirdznieciba\/\">Medicinal herbs raw materials<\/a><\/li>\n<li id=\"menu-item-17557\" class=\"menu-item menu-item-type-post_type menu-item-object-page menu-item-17557\"><a href=\"https:\/\/jelgavfarm.lv\/en\/rx-medikamenti\/\">Rx Medicines<\/a><\/li>\n<li id=\"menu-item-17556\" class=\"menu-item menu-item-type-post_type menu-item-object-page menu-item-17556\"><a href=\"https:\/\/jelgavfarm.lv\/en\/otc-medikamenti\/\">OTC medicines<\/a><\/li>\n<li id=\"menu-item-17555\" class=\"menu-item menu-item-type-post_type menu-item-object-page menu-item-17555\"><a href=\"https:\/\/jelgavfarm.lv\/en\/neregistretie-medikamenti\/\">UNLICENCED medicines<\/a><\/li>\n<li id=\"menu-item-17554\" class=\"menu-item menu-item-type-post_type menu-item-object-page menu-item-17554\"><a href=\"https:\/\/jelgavfarm.lv\/en\/uztura-bagatinataji\/\">Dietary supplements<\/a><\/li>\n<li id=\"menu-item-17553\" class=\"menu-item menu-item-type-post_type menu-item-object-page menu-item-17553\"><a href=\"https:\/\/jelgavfarm.lv\/en\/medicinas-ierices\/\">Medical Devices<\/a><\/li>\n<\/ul><\/div><\/div>\t\t\t\t<\/div>\n\t\t\t\t<\/div>\n\t\t\t\t<div class=\"elementor-element elementor-element-20ae656 elementor-widget elementor-widget-heading\" data-id=\"20ae656\" data-element_type=\"widget\" data-widget_type=\"heading.default\">\n\t\t\t\t<div class=\"elementor-widget-container\">\n\t\t\t\t\t<h3 class=\"elementor-heading-title elementor-size-default\">Catalogue<\/h3>\t\t\t\t<\/div>\n\t\t\t\t<\/div>\n\t\t\t\t<div class=\"elementor-element elementor-element-ea19044 elementor-widget elementor-widget-eael-creative-button\" data-id=\"ea19044\" data-element_type=\"widget\" data-widget_type=\"eael-creative-button.default\">\n\t\t\t\t<div class=\"elementor-widget-container\">\n\t\t\t\t\t        <div class=\"eael-creative-button-wrapper\">\n\n            <a class=\"eael-creative-button eael-creative-button--default\" href=\"https:\/\/jelgavfarm.lv\/en\/download\/17511\/?tmstv=1744562229\" data-text=\"Lejupiel\u0101d\u0113t\">\n            \t    \n                <div class=\"creative-button-inner\">\n\n                                            <span class=\"eael-creative-button-icon-left\"><svg aria-hidden=\"true\" class=\"e-font-icon-svg e-far-file-excel\" viewbox=\"0 0 384 512\" xmlns=\"http:\/\/www.w3.org\/2000\/svg\"><path d=\"M369.9 97.9L286 14C277 5 264.8-.1 252.1-.1H48C21.5 0 0 21.5 0 48v416c0 26.5 21.5 48 48 48h288c26.5 0 48-21.5 48-48V131.9c0-12.7-5.1-25-14.1-34zM332.1 128H256V51.9l76.1 76.1zM48 464V48h160v104c0 13.3 10.7 24 24 24h104v288H48zm212-240h-28.8c-4.4 0-8.4 2.4-10.5 6.3-18 33.1-22.2 42.4-28.6 57.7-13.9-29.1-6.9-17.3-28.6-57.7-2.1-3.9-6.2-6.3-10.6-6.3H124c-9.3 0-15 10-10.4 18l46.3 78-46.3 78c-4.7 8 1.1 18 10.4 18h28.9c4.4 0 8.4-2.4 10.5-6.3 21.7-40 23-45 28.6-57.7 14.9 30.2 5.9 15.9 28.6 57.7 2.1 3.9 6.2 6.3 10.6 6.3H260c9.3 0 15-10 10.4-18L224 320c.7-1.1 30.3-50.5 46.3-78 4.7-8-1.1-18-10.3-18z\"><\/path><\/svg><\/span>                    \n                    <span class=\"cretive-button-text\">Rx Medicines<\/span>\n\n                                    <\/div>\n\t                        <\/a>\n        <\/div>\n        \t\t\t\t<\/div>\n\t\t\t\t<\/div>\n\t\t\t\t<div class=\"elementor-element elementor-element-7b9c927 elementor-widget elementor-widget-eael-creative-button\" data-id=\"7b9c927\" data-element_type=\"widget\" data-widget_type=\"eael-creative-button.default\">\n\t\t\t\t<div class=\"elementor-widget-container\">\n\t\t\t\t\t        <div class=\"eael-creative-button-wrapper\">\n\n            <a class=\"eael-creative-button eael-creative-button--default\" href=\"https:\/\/jelgavfarm.lv\/en\/download\/17599\/?tmstv=1744562166\" data-text=\"Lejupiel\u0101d\u0113t\">\n            \t    \n                <div class=\"creative-button-inner\">\n\n                                            <span class=\"eael-creative-button-icon-left\"><svg aria-hidden=\"true\" class=\"e-font-icon-svg e-far-file-excel\" viewbox=\"0 0 384 512\" xmlns=\"http:\/\/www.w3.org\/2000\/svg\"><path d=\"M369.9 97.9L286 14C277 5 264.8-.1 252.1-.1H48C21.5 0 0 21.5 0 48v416c0 26.5 21.5 48 48 48h288c26.5 0 48-21.5 48-48V131.9c0-12.7-5.1-25-14.1-34zM332.1 128H256V51.9l76.1 76.1zM48 464V48h160v104c0 13.3 10.7 24 24 24h104v288H48zm212-240h-28.8c-4.4 0-8.4 2.4-10.5 6.3-18 33.1-22.2 42.4-28.6 57.7-13.9-29.1-6.9-17.3-28.6-57.7-2.1-3.9-6.2-6.3-10.6-6.3H124c-9.3 0-15 10-10.4 18l46.3 78-46.3 78c-4.7 8 1.1 18 10.4 18h28.9c4.4 0 8.4-2.4 10.5-6.3 21.7-40 23-45 28.6-57.7 14.9 30.2 5.9 15.9 28.6 57.7 2.1 3.9 6.2 6.3 10.6 6.3H260c9.3 0 15-10 10.4-18L224 320c.7-1.1 30.3-50.5 46.3-78 4.7-8-1.1-18-10.3-18z\"><\/path><\/svg><\/span>                    \n                    <span class=\"cretive-button-text\">OTC medicines<\/span>\n\n                                    <\/div>\n\t                        <\/a>\n        <\/div>\n        \t\t\t\t<\/div>\n\t\t\t\t<\/div>\n\t\t\t\t<div class=\"elementor-element elementor-element-6a3fab2 elementor-widget elementor-widget-eael-creative-button\" data-id=\"6a3fab2\" data-element_type=\"widget\" data-widget_type=\"eael-creative-button.default\">\n\t\t\t\t<div class=\"elementor-widget-container\">\n\t\t\t\t\t        <div class=\"eael-creative-button-wrapper\">\n\n            <a class=\"eael-creative-button eael-creative-button--default\" href=\"https:\/\/jelgavfarm.lv\/en\/download\/17608\/?tmstv=1744562302\" data-text=\"Lejupiel\u0101d\u0113t\">\n            \t    \n                <div class=\"creative-button-inner\">\n\n                                            <span class=\"eael-creative-button-icon-left\"><svg aria-hidden=\"true\" class=\"e-font-icon-svg e-far-file-excel\" viewbox=\"0 0 384 512\" xmlns=\"http:\/\/www.w3.org\/2000\/svg\"><path d=\"M369.9 97.9L286 14C277 5 264.8-.1 252.1-.1H48C21.5 0 0 21.5 0 48v416c0 26.5 21.5 48 48 48h288c26.5 0 48-21.5 48-48V131.9c0-12.7-5.1-25-14.1-34zM332.1 128H256V51.9l76.1 76.1zM48 464V48h160v104c0 13.3 10.7 24 24 24h104v288H48zm212-240h-28.8c-4.4 0-8.4 2.4-10.5 6.3-18 33.1-22.2 42.4-28.6 57.7-13.9-29.1-6.9-17.3-28.6-57.7-2.1-3.9-6.2-6.3-10.6-6.3H124c-9.3 0-15 10-10.4 18l46.3 78-46.3 78c-4.7 8 1.1 18 10.4 18h28.9c4.4 0 8.4-2.4 10.5-6.3 21.7-40 23-45 28.6-57.7 14.9 30.2 5.9 15.9 28.6 57.7 2.1 3.9 6.2 6.3 10.6 6.3H260c9.3 0 15-10 10.4-18L224 320c.7-1.1 30.3-50.5 46.3-78 4.7-8-1.1-18-10.3-18z\"><\/path><\/svg><\/span>                    \n                    <span class=\"cretive-button-text\">UNLICENCED medicines<\/span>\n\n                                    <\/div>\n\t                        <\/a>\n        <\/div>\n        \t\t\t\t<\/div>\n\t\t\t\t<\/div>\n\t\t\t\t<div class=\"elementor-element elementor-element-e780874 elementor-widget elementor-widget-eael-creative-button\" data-id=\"e780874\" data-element_type=\"widget\" data-widget_type=\"eael-creative-button.default\">\n\t\t\t\t<div class=\"elementor-widget-container\">\n\t\t\t\t\t        <div class=\"eael-creative-button-wrapper\">\n\n            <a class=\"eael-creative-button eael-creative-button--default\" href=\"https:\/\/jelgavfarm.lv\/en\/download\/17623\/?tmstv=1744562356\" data-text=\"Lejupiel\u0101d\u0113t\">\n            \t    \n                <div class=\"creative-button-inner\">\n\n                                            <span class=\"eael-creative-button-icon-left\"><svg aria-hidden=\"true\" class=\"e-font-icon-svg e-far-file-excel\" viewbox=\"0 0 384 512\" xmlns=\"http:\/\/www.w3.org\/2000\/svg\"><path d=\"M369.9 97.9L286 14C277 5 264.8-.1 252.1-.1H48C21.5 0 0 21.5 0 48v416c0 26.5 21.5 48 48 48h288c26.5 0 48-21.5 48-48V131.9c0-12.7-5.1-25-14.1-34zM332.1 128H256V51.9l76.1 76.1zM48 464V48h160v104c0 13.3 10.7 24 24 24h104v288H48zm212-240h-28.8c-4.4 0-8.4 2.4-10.5 6.3-18 33.1-22.2 42.4-28.6 57.7-13.9-29.1-6.9-17.3-28.6-57.7-2.1-3.9-6.2-6.3-10.6-6.3H124c-9.3 0-15 10-10.4 18l46.3 78-46.3 78c-4.7 8 1.1 18 10.4 18h28.9c4.4 0 8.4-2.4 10.5-6.3 21.7-40 23-45 28.6-57.7 14.9 30.2 5.9 15.9 28.6 57.7 2.1 3.9 6.2 6.3 10.6 6.3H260c9.3 0 15-10 10.4-18L224 320c.7-1.1 30.3-50.5 46.3-78 4.7-8-1.1-18-10.3-18z\"><\/path><\/svg><\/span>                    \n                    <span class=\"cretive-button-text\">Medical Devices<\/span>\n\n                                    <\/div>\n\t                        <\/a>\n        <\/div>\n        \t\t\t\t<\/div>\n\t\t\t\t<\/div>\n\t\t\t\t<div class=\"elementor-element elementor-element-fa9f7fa elementor-widget elementor-widget-eael-creative-button\" data-id=\"fa9f7fa\" data-element_type=\"widget\" data-widget_type=\"eael-creative-button.default\">\n\t\t\t\t<div class=\"elementor-widget-container\">\n\t\t\t\t\t        <div class=\"eael-creative-button-wrapper\">\n\n            <a class=\"eael-creative-button eael-creative-button--default\" href=\"https:\/\/jelgavfarm.lv\/en\/download\/17614\/?tmstv=1744561009\" data-text=\"Lejupiel\u0101d\u0113t\">\n            \t    \n                <div class=\"creative-button-inner\">\n\n                                            <span class=\"eael-creative-button-icon-left\"><svg aria-hidden=\"true\" class=\"e-font-icon-svg e-far-file-excel\" viewbox=\"0 0 384 512\" xmlns=\"http:\/\/www.w3.org\/2000\/svg\"><path d=\"M369.9 97.9L286 14C277 5 264.8-.1 252.1-.1H48C21.5 0 0 21.5 0 48v416c0 26.5 21.5 48 48 48h288c26.5 0 48-21.5 48-48V131.9c0-12.7-5.1-25-14.1-34zM332.1 128H256V51.9l76.1 76.1zM48 464V48h160v104c0 13.3 10.7 24 24 24h104v288H48zm212-240h-28.8c-4.4 0-8.4 2.4-10.5 6.3-18 33.1-22.2 42.4-28.6 57.7-13.9-29.1-6.9-17.3-28.6-57.7-2.1-3.9-6.2-6.3-10.6-6.3H124c-9.3 0-15 10-10.4 18l46.3 78-46.3 78c-4.7 8 1.1 18 10.4 18h28.9c4.4 0 8.4-2.4 10.5-6.3 21.7-40 23-45 28.6-57.7 14.9 30.2 5.9 15.9 28.6 57.7 2.1 3.9 6.2 6.3 10.6 6.3H260c9.3 0 15-10 10.4-18L224 320c.7-1.1 30.3-50.5 46.3-78 4.7-8-1.1-18-10.3-18z\"><\/path><\/svg><\/span>                    \n                    <span class=\"cretive-button-text\">Dietary Supplements<\/span>\n\n                                    <\/div>\n\t                        <\/a>\n        <\/div>\n        \t\t\t\t<\/div>\n\t\t\t\t<\/div>\n\t\t\t\t\t<\/div>\n\t\t<\/div>\n\t\t\t\t\t<\/div>\n\t\t<\/div>\n\t\t\t\t<\/div>","protected":false},"excerpt":{"rendered":"<p>OTC medikamenti Latvij\u0101 \u2014 br\u012bvi pieejamas z\u0101les j\u016bsu vesel\u012bbai Latvij\u0101 OTC jeb bezrecep\u0161u medikamenti ir pla\u0161i pieejami un pal\u012bdz efekt\u012bvi mazin\u0101t vieglas saslim\u0161anas simptomus. \u0160\u012bs z\u0101les var ieg\u0101d\u0101ties bez \u0101rsta receptes, padarot t\u0101s \u012bpa\u0161i \u0113rtas ikdienas vesel\u012bbas uztur\u0113\u0161anai un \u0101trai simptomu mazin\u0101\u0161anai. Kas ir OTC medikamenti? OTC (Over The Counter) medikamenti ir bezrecep\u0161u z\u0101les, kuras [&hellip;]<\/p>","protected":false},"author":1,"featured_media":17520,"parent":0,"menu_order":0,"comment_status":"closed","ping_status":"closed","template":"","meta":{"_acf_changed":false,"footnotes":""},"class_list":["post-17517","page","type-page","status-publish","has-post-thumbnail","hentry"],"acf":[],"_links":{"self":[{"href":"https:\/\/jelgavfarm.lv\/en\/wp-json\/wp\/v2\/pages\/17517","targetHints":{"allow":["GET"]}}],"collection":[{"href":"https:\/\/jelgavfarm.lv\/en\/wp-json\/wp\/v2\/pages"}],"about":[{"href":"https:\/\/jelgavfarm.lv\/en\/wp-json\/wp\/v2\/types\/page"}],"author":[{"embeddable":true,"href":"https:\/\/jelgavfarm.lv\/en\/wp-json\/wp\/v2\/users\/1"}],"replies":[{"embeddable":true,"href":"https:\/\/jelgavfarm.lv\/en\/wp-json\/wp\/v2\/comments?post=17517"}],"version-history":[{"count":22,"href":"https:\/\/jelgavfarm.lv\/en\/wp-json\/wp\/v2\/pages\/17517\/revisions"}],"predecessor-version":[{"id":18235,"href":"https:\/\/jelgavfarm.lv\/en\/wp-json\/wp\/v2\/pages\/17517\/revisions\/18235"}],"wp:featuredmedia":[{"embeddable":true,"href":"https:\/\/jelgavfarm.lv\/en\/wp-json\/wp\/v2\/media\/17520"}],"wp:attachment":[{"href":"https:\/\/jelgavfarm.lv\/en\/wp-json\/wp\/v2\/media?parent=17517"}],"curies":[{"name":"wp","href":"https:\/\/api.w.org\/{rel}","templated":true}]}}